{"id":11773,"date":"2025-08-29T16:00:19","date_gmt":"2025-08-29T16:00:19","guid":{"rendered":"https:\/\/urboowconstruction.com\/?page_id=11773"},"modified":"2025-08-29T16:20:00","modified_gmt":"2025-08-29T16:20:00","slug":"instalacaosanitariav3","status":"publish","type":"page","link":"https:\/\/urboowconstruction.com\/en\/instalacoes-sanitarias\/instalacaosanitariav3\/","title":{"rendered":"Instala\u00e7\u00e3o Sanit\u00e1ria 12&#8242;"},"content":{"rendered":"\t\t<div data-elementor-type=\"wp-post\" data-elementor-id=\"11773\" class=\"elementor elementor-11773\" data-elementor-settings=\"{&quot;ha_cmc_init_switcher&quot;:&quot;no&quot;}\">\n\t\t\t\t\t\t<section class=\"elementor-section elementor-top-section elementor-element elementor-element-c3575b2 elementor-section-boxed elementor-section-height-default elementor-section-height-default wpr-particle-no wpr-jarallax-no wpr-parallax-no wpr-sticky-section-no wpr-equal-height-no\" data-id=\"c3575b2\" data-element_type=\"section\" data-settings=\"{&quot;jet_parallax_layout_list&quot;:[],&quot;background_background&quot;:&quot;classic&quot;,&quot;_ha_eqh_enable&quot;:false}\">\n\t\t\t\t\t\t<div class=\"elementor-container elementor-column-gap-default\">\n\t\t\t\t\t<div class=\"elementor-column elementor-col-50 elementor-top-column elementor-element elementor-element-315651d elementor-invisible\" data-id=\"315651d\" data-element_type=\"column\" data-settings=\"{&quot;animation&quot;:&quot;fadeInLeft&quot;}\">\n\t\t\t<div class=\"elementor-widget-wrap elementor-element-populated\">\n\t\t\t\t\t\t<div class=\"elementor-element elementor-element-f4e2320 elementor-align-left elementor-widget elementor-widget-raven-breadcrumbs\" data-id=\"f4e2320\" data-element_type=\"widget\" data-widget_type=\"raven-breadcrumbs.default\">\n\t\t\t\t<div class=\"elementor-widget-container\">\n\t\t\t\t\t<div class=\"raven-breadcrumbs raven-breadcrumbs-default\"><div class=\"breadcrumb\">\t\t\t\t<div class=\"breadcrumb-item active\" aria-current=\"page\"><span>Home<\/span><\/div>\n\n\t\t\t\t<\/div><\/div>\t\t\t\t<\/div>\n\t\t\t\t<\/div>\n\t\t\t\t<div class=\"elementor-element elementor-element-f687726 elementor-widget__width-initial elementor-widget elementor-widget-heading\" data-id=\"f687726\" data-element_type=\"widget\" data-widget_type=\"heading.default\">\n\t\t\t\t<div class=\"elementor-widget-container\">\n\t\t\t\t\t<h2 class=\"elementor-heading-title elementor-size-default\">Instala\u00e7\u00f5es Sanit\u00e1rias.<\/h2>\t\t\t\t<\/div>\n\t\t\t\t<\/div>\n\t\t\t\t\t<\/div>\n\t\t<\/div>\n\t\t\t\t<div class=\"elementor-column elementor-col-50 elementor-top-column elementor-element elementor-element-4baa451 elementor-invisible\" data-id=\"4baa451\" data-element_type=\"column\" data-settings=\"{&quot;animation&quot;:&quot;fadeInLeft&quot;}\">\n\t\t\t<div class=\"elementor-widget-wrap elementor-element-populated\">\n\t\t\t\t\t\t<div class=\"elementor-element elementor-element-6c0b805 elementor-widget elementor-widget-image\" data-id=\"6c0b805\" data-element_type=\"widget\" data-widget_type=\"image.default\">\n\t\t\t\t<div class=\"elementor-widget-container\">\n\t\t\t\t\t\t\t\t\t\t\t\t\t\t\t<img fetchpriority=\"high\" decoding=\"async\" width=\"703\" height=\"224\" src=\"https:\/\/urboowconstruction.com\/wp-content\/uploads\/2025\/03\/wc_2.svg\" class=\"attachment-large size-large wp-image-9863\" alt=\"wc\" \/>\t\t\t\t\t\t\t\t\t\t\t\t\t\t\t<\/div>\n\t\t\t\t<\/div>\n\t\t\t\t\t<\/div>\n\t\t<\/div>\n\t\t\t\t\t<\/div>\n\t\t<\/section>\n\t\t\t\t<section class=\"elementor-section elementor-top-section elementor-element elementor-element-14339ef elementor-section-boxed elementor-section-height-default elementor-section-height-default wpr-particle-no wpr-jarallax-no wpr-parallax-no wpr-sticky-section-no wpr-equal-height-no\" data-id=\"14339ef\" data-element_type=\"section\" data-settings=\"{&quot;jet_parallax_layout_list&quot;:[],&quot;background_background&quot;:&quot;classic&quot;,&quot;_ha_eqh_enable&quot;:false}\">\n\t\t\t\t\t\t<div class=\"elementor-container elementor-column-gap-default\">\n\t\t\t\t\t<div class=\"elementor-column elementor-col-100 elementor-top-column elementor-element elementor-element-dc7a557 elementor-invisible\" data-id=\"dc7a557\" data-element_type=\"column\" data-settings=\"{&quot;animation&quot;:&quot;fadeInLeft&quot;}\">\n\t\t\t<div class=\"elementor-widget-wrap elementor-element-populated\">\n\t\t\t\t\t\t<div class=\"elementor-element elementor-element-34363ed elementor-widget__width-initial elementor-widget elementor-widget-heading\" data-id=\"34363ed\" data-element_type=\"widget\" data-widget_type=\"heading.default\">\n\t\t\t\t<div class=\"elementor-widget-container\">\n\t\t\t\t\t<h2 class=\"elementor-heading-title elementor-size-default\">Portugal.<\/h2>\t\t\t\t<\/div>\n\t\t\t\t<\/div>\n\t\t\t\t<section class=\"elementor-section elementor-inner-section elementor-element elementor-element-bf7e830 elementor-section-boxed elementor-section-height-default elementor-section-height-default wpr-particle-no wpr-jarallax-no wpr-parallax-no wpr-sticky-section-no wpr-equal-height-no\" data-id=\"bf7e830\" data-element_type=\"section\" data-settings=\"{&quot;jet_parallax_layout_list&quot;:[],&quot;_ha_eqh_enable&quot;:false}\">\n\t\t\t\t\t\t<div class=\"elementor-container elementor-column-gap-default\">\n\t\t\t\t\t<div class=\"elementor-column elementor-col-50 elementor-inner-column elementor-element elementor-element-0259988\" data-id=\"0259988\" data-element_type=\"column\">\n\t\t\t<div class=\"elementor-widget-wrap elementor-element-populated\">\n\t\t\t\t\t\t<div class=\"elementor-element elementor-element-a4b73e1 elementor-widget elementor-widget-heading\" data-id=\"a4b73e1\" data-element_type=\"widget\" data-widget_type=\"heading.default\">\n\t\t\t\t<div class=\"elementor-widget-container\">\n\t\t\t\t\t<h2 class=\"elementor-heading-title elementor-size-default\">Tipologia<\/h2>\t\t\t\t<\/div>\n\t\t\t\t<\/div>\n\t\t\t\t<div class=\"elementor-element elementor-element-f30fa8d elementor-widget elementor-widget-text-editor\" data-id=\"f30fa8d\" data-element_type=\"widget\" data-widget_type=\"text-editor.default\">\n\t\t\t\t<div class=\"elementor-widget-container\">\n\t\t\t\t\t\t\t\t\t<p>Contentor 12&#8242;<\/p>\t\t\t\t\t\t\t\t<\/div>\n\t\t\t\t<\/div>\n\t\t\t\t<div class=\"elementor-element elementor-element-a3e4e73 elementor-widget elementor-widget-heading\" data-id=\"a3e4e73\" data-element_type=\"widget\" data-widget_type=\"heading.default\">\n\t\t\t\t<div class=\"elementor-widget-container\">\n\t\t\t\t\t<h2 class=\"elementor-heading-title elementor-size-default\">\u00c1rea<\/h2>\t\t\t\t<\/div>\n\t\t\t\t<\/div>\n\t\t\t\t<div class=\"elementor-element elementor-element-c71eff9 elementor-widget__width-initial elementor-widget elementor-widget-text-editor\" data-id=\"c71eff9\" data-element_type=\"widget\" data-widget_type=\"text-editor.default\">\n\t\t\t\t<div class=\"elementor-widget-container\">\n\t\t\t\t\t\t\t\t\t<p>Instala\u00e7\u00e3o Sanit\u00e1ria Feminina\u00a0 1,58m<em><sup>2<\/sup><\/em> . Instala\u00e7\u00e3o Sanit\u00e1ria Masculina 1,58m<em><sup>2<\/sup><\/em>\u00a0 .\u00a0 Mobilidade Condicionada 1,58m<em><sup>2\u00a0<\/sup><\/em><\/p>\t\t\t\t\t\t\t\t<\/div>\n\t\t\t\t<\/div>\n\t\t\t\t<div class=\"elementor-element elementor-element-ccb2d4c elementor-widget elementor-widget-heading\" data-id=\"ccb2d4c\" data-element_type=\"widget\" data-widget_type=\"heading.default\">\n\t\t\t\t<div class=\"elementor-widget-container\">\n\t\t\t\t\t<h2 class=\"elementor-heading-title elementor-size-default\">Espa\u00e7os Existentes<\/h2>\t\t\t\t<\/div>\n\t\t\t\t<\/div>\n\t\t\t\t<div class=\"elementor-element elementor-element-78ab6dc elementor-widget__width-initial elementor-widget elementor-widget-text-editor\" data-id=\"78ab6dc\" data-element_type=\"widget\" data-widget_type=\"text-editor.default\">\n\t\t\t\t<div class=\"elementor-widget-container\">\n\t\t\t\t\t\t\t\t\t<p>Instala\u00e7\u00e3o Sanit\u00e1ria Feminina e Masculina . Mobilidade Condicionada<\/p>\t\t\t\t\t\t\t\t<\/div>\n\t\t\t\t<\/div>\n\t\t\t\t\t<\/div>\n\t\t<\/div>\n\t\t\t\t<div class=\"elementor-column elementor-col-50 elementor-inner-column elementor-element elementor-element-7b65aae\" data-id=\"7b65aae\" data-element_type=\"column\">\n\t\t\t<div class=\"elementor-widget-wrap elementor-element-populated\">\n\t\t\t\t\t\t<div class=\"elementor-element elementor-element-c2039f1 elementor-widget elementor-widget-image\" data-id=\"c2039f1\" data-element_type=\"widget\" data-widget_type=\"image.default\">\n\t\t\t\t<div class=\"elementor-widget-container\">\n\t\t\t\t\t\t\t\t\t\t\t\t\t\t\t<img decoding=\"async\" width=\"3299\" height=\"2578\" src=\"https:\/\/urboowconstruction.com\/wp-content\/uploads\/2025\/03\/80000_3.1_BALN-10-1P_I.S_VERSAO-A_PERSPETIVA.png\" class=\"attachment-full size-full wp-image-9875\" alt=\"Perspetiva\" srcset=\"https:\/\/urboowconstruction.com\/wp-content\/uploads\/2025\/03\/80000_3.1_BALN-10-1P_I.S_VERSAO-A_PERSPETIVA.png 3299w, https:\/\/urboowconstruction.com\/wp-content\/uploads\/2025\/03\/80000_3.1_BALN-10-1P_I.S_VERSAO-A_PERSPETIVA-300x234.png 300w, https:\/\/urboowconstruction.com\/wp-content\/uploads\/2025\/03\/80000_3.1_BALN-10-1P_I.S_VERSAO-A_PERSPETIVA-1024x800.png 1024w, https:\/\/urboowconstruction.com\/wp-content\/uploads\/2025\/03\/80000_3.1_BALN-10-1P_I.S_VERSAO-A_PERSPETIVA-768x600.png 768w, https:\/\/urboowconstruction.com\/wp-content\/uploads\/2025\/03\/80000_3.1_BALN-10-1P_I.S_VERSAO-A_PERSPETIVA-1536x1200.png 1536w, https:\/\/urboowconstruction.com\/wp-content\/uploads\/2025\/03\/80000_3.1_BALN-10-1P_I.S_VERSAO-A_PERSPETIVA-2048x1600.png 2048w, https:\/\/urboowconstruction.com\/wp-content\/uploads\/2025\/03\/80000_3.1_BALN-10-1P_I.S_VERSAO-A_PERSPETIVA-15x12.png 15w, https:\/\/urboowconstruction.com\/wp-content\/uploads\/2025\/03\/80000_3.1_BALN-10-1P_I.S_VERSAO-A_PERSPETIVA-24x19.png 24w, https:\/\/urboowconstruction.com\/wp-content\/uploads\/2025\/03\/80000_3.1_BALN-10-1P_I.S_VERSAO-A_PERSPETIVA-36x28.png 36w, https:\/\/urboowconstruction.com\/wp-content\/uploads\/2025\/03\/80000_3.1_BALN-10-1P_I.S_VERSAO-A_PERSPETIVA-48x38.png 48w\" sizes=\"(max-width: 3299px) 100vw, 3299px\" \/>\t\t\t\t\t\t\t\t\t\t\t\t\t\t\t<\/div>\n\t\t\t\t<\/div>\n\t\t\t\t\t<\/div>\n\t\t<\/div>\n\t\t\t\t\t<\/div>\n\t\t<\/section>\n\t\t\t\t\t<\/div>\n\t\t<\/div>\n\t\t\t\t\t<\/div>\n\t\t<\/section>\n\t\t\t\t<section class=\"elementor-section elementor-top-section elementor-element elementor-element-3e1ebe9 elementor-section-stretched elementor-section-boxed elementor-section-height-default elementor-section-height-default wpr-particle-no wpr-jarallax-no wpr-parallax-no wpr-sticky-section-no wpr-equal-height-no\" data-id=\"3e1ebe9\" data-element_type=\"section\" data-settings=\"{&quot;jet_parallax_layout_list&quot;:[{&quot;jet_parallax_layout_image&quot;:{&quot;url&quot;:&quot;&quot;,&quot;id&quot;:&quot;&quot;,&quot;size&quot;:&quot;&quot;},&quot;_id&quot;:&quot;357db43&quot;,&quot;jet_parallax_layout_image_tablet&quot;:{&quot;url&quot;:&quot;&quot;,&quot;id&quot;:&quot;&quot;,&quot;size&quot;:&quot;&quot;},&quot;jet_parallax_layout_image_mobile&quot;:{&quot;url&quot;:&quot;&quot;,&quot;id&quot;:&quot;&quot;,&quot;size&quot;:&quot;&quot;},&quot;jet_parallax_layout_speed&quot;:{&quot;unit&quot;:&quot;%&quot;,&quot;size&quot;:50,&quot;sizes&quot;:[]},&quot;jet_parallax_layout_type&quot;:&quot;scroll&quot;,&quot;jet_parallax_layout_direction&quot;:null,&quot;jet_parallax_layout_fx_direction&quot;:null,&quot;jet_parallax_layout_z_index&quot;:&quot;&quot;,&quot;jet_parallax_layout_bg_x&quot;:50,&quot;jet_parallax_layout_bg_x_tablet&quot;:&quot;&quot;,&quot;jet_parallax_layout_bg_x_mobile&quot;:&quot;&quot;,&quot;jet_parallax_layout_bg_y&quot;:50,&quot;jet_parallax_layout_bg_y_tablet&quot;:&quot;&quot;,&quot;jet_parallax_layout_bg_y_mobile&quot;:&quot;&quot;,&quot;jet_parallax_layout_bg_size&quot;:&quot;auto&quot;,&quot;jet_parallax_layout_bg_size_tablet&quot;:&quot;&quot;,&quot;jet_parallax_layout_bg_size_mobile&quot;:&quot;&quot;,&quot;jet_parallax_layout_animation_prop&quot;:&quot;transform&quot;,&quot;jet_parallax_layout_on&quot;:[&quot;desktop&quot;,&quot;tablet&quot;]}],&quot;animation&quot;:&quot;none&quot;,&quot;stretch_section&quot;:&quot;section-stretched&quot;,&quot;background_background&quot;:&quot;classic&quot;,&quot;_ha_eqh_enable&quot;:false}\">\n\t\t\t\t\t\t<div class=\"elementor-container elementor-column-gap-default\">\n\t\t\t\t\t<div class=\"elementor-column elementor-col-50 elementor-top-column elementor-element elementor-element-a2f1f84 raven-column-flex-horizontal elementor-invisible\" data-id=\"a2f1f84\" data-element_type=\"column\" data-settings=\"{&quot;background_background&quot;:&quot;classic&quot;,&quot;animation&quot;:&quot;fadeInUp&quot;,&quot;animation_delay&quot;:200}\">\n\t\t\t<div class=\"elementor-widget-wrap elementor-element-populated\">\n\t\t\t\t\t<div class=\"elementor-background-overlay\"><\/div>\n\t\t\t\t\t\t\t<\/div>\n\t\t<\/div>\n\t\t\t\t<div class=\"elementor-column elementor-col-50 elementor-top-column elementor-element elementor-element-a3f779b raven-column-flex-horizontal elementor-invisible\" data-id=\"a3f779b\" data-element_type=\"column\" data-settings=\"{&quot;background_background&quot;:&quot;classic&quot;,&quot;animation&quot;:&quot;fadeInUp&quot;,&quot;animation_delay&quot;:200}\">\n\t\t\t<div class=\"elementor-widget-wrap elementor-element-populated\">\n\t\t\t\t\t<div class=\"elementor-background-overlay\"><\/div>\n\t\t\t\t\t\t\t<\/div>\n\t\t<\/div>\n\t\t\t\t\t<\/div>\n\t\t<\/section>\n\t\t\t\t<\/div>\n\t\t","protected":false},"excerpt":{"rendered":"<p>Home Instala\u00e7\u00f5es Sanit\u00e1rias. Portugal. Tipologia Contentor 12&#8242; \u00c1rea Instala\u00e7\u00e3o Sanit\u00e1ria Feminina\u00a0 1,58m2 . Instala\u00e7\u00e3o Sanit\u00e1ria Masculina 1,58m2\u00a0 .\u00a0 Mobilidade Condicionada 1,58m2\u00a0 Espa\u00e7os Existentes Instala\u00e7\u00e3o Sanit\u00e1ria Feminina e Masculina . Mobilidade Condicionada<\/p>","protected":false},"author":1,"featured_media":0,"parent":9293,"menu_order":0,"comment_status":"closed","ping_status":"closed","template":"full-width.php","meta":{"_acf_changed":false,"_monsterinsights_skip_tracking":false,"_monsterinsights_sitenote_active":false,"_monsterinsights_sitenote_note":"","_monsterinsights_sitenote_category":0,"footnotes":""},"class_list":["post-11773","page","type-page","status-publish","hentry"],"acf":[],"jetpack_sharing_enabled":true,"amp_enabled":false,"_links":{"self":[{"href":"https:\/\/urboowconstruction.com\/en\/wp-json\/wp\/v2\/pages\/11773","targetHints":{"allow":["GET"]}}],"collection":[{"href":"https:\/\/urboowconstruction.com\/en\/wp-json\/wp\/v2\/pages"}],"about":[{"href":"https:\/\/urboowconstruction.com\/en\/wp-json\/wp\/v2\/types\/page"}],"author":[{"embeddable":true,"href":"https:\/\/urboowconstruction.com\/en\/wp-json\/wp\/v2\/users\/1"}],"replies":[{"embeddable":true,"href":"https:\/\/urboowconstruction.com\/en\/wp-json\/wp\/v2\/comments?post=11773"}],"version-history":[{"count":7,"href":"https:\/\/urboowconstruction.com\/en\/wp-json\/wp\/v2\/pages\/11773\/revisions"}],"predecessor-version":[{"id":11788,"href":"https:\/\/urboowconstruction.com\/en\/wp-json\/wp\/v2\/pages\/11773\/revisions\/11788"}],"up":[{"embeddable":true,"href":"https:\/\/urboowconstruction.com\/en\/wp-json\/wp\/v2\/pages\/9293"}],"wp:attachment":[{"href":"https:\/\/urboowconstruction.com\/en\/wp-json\/wp\/v2\/media?parent=11773"}],"curies":[{"name":"wp","href":"https:\/\/api.w.org\/{rel}","templated":true}]}}