{"id":10890,"date":"2025-03-14T16:10:57","date_gmt":"2025-03-14T16:10:57","guid":{"rendered":"https:\/\/urboowconstruction.com\/?page_id=10890"},"modified":"2025-09-05T15:12:07","modified_gmt":"2025-09-05T15:12:07","slug":"balneario-vieira","status":"publish","type":"page","link":"https:\/\/urboowconstruction.com\/en\/instalacoes-sanitarias\/balneario-vieira\/","title":{"rendered":"Balne\u00e1rio 4&#215;40&#8242;"},"content":{"rendered":"\t\t<div data-elementor-type=\"wp-post\" data-elementor-id=\"10890\" class=\"elementor elementor-10890\" data-elementor-settings=\"{&quot;ha_cmc_init_switcher&quot;:&quot;no&quot;}\">\n\t\t\t\t\t\t<section class=\"elementor-section elementor-top-section elementor-element elementor-element-c3575b2 elementor-section-boxed elementor-section-height-default elementor-section-height-default wpr-particle-no wpr-jarallax-no wpr-parallax-no wpr-sticky-section-no\" data-id=\"c3575b2\" data-element_type=\"section\" data-settings=\"{&quot;jet_parallax_layout_list&quot;:[],&quot;background_background&quot;:&quot;classic&quot;,&quot;_ha_eqh_enable&quot;:false}\">\n\t\t\t\t\t\t<div class=\"elementor-container elementor-column-gap-default\">\n\t\t\t\t\t<div class=\"elementor-column elementor-col-50 elementor-top-column elementor-element elementor-element-315651d elementor-invisible\" data-id=\"315651d\" data-element_type=\"column\" data-settings=\"{&quot;animation&quot;:&quot;fadeInLeft&quot;}\">\n\t\t\t<div class=\"elementor-widget-wrap elementor-element-populated\">\n\t\t\t\t\t\t<div class=\"elementor-element elementor-element-f4e2320 elementor-align-left elementor-widget elementor-widget-raven-breadcrumbs\" data-id=\"f4e2320\" data-element_type=\"widget\" data-widget_type=\"raven-breadcrumbs.default\">\n\t\t\t\t<div class=\"elementor-widget-container\">\n\t\t\t\t\t<div class=\"raven-breadcrumbs raven-breadcrumbs-default\"><div class=\"breadcrumb\">\t\t\t\t<div class=\"breadcrumb-item active\" aria-current=\"page\"><span>Home<\/span><\/div>\n\n\t\t\t\t<\/div><\/div>\t\t\t\t<\/div>\n\t\t\t\t<\/div>\n\t\t\t\t<div class=\"elementor-element elementor-element-f687726 elementor-widget__width-initial elementor-widget elementor-widget-heading\" data-id=\"f687726\" data-element_type=\"widget\" data-widget_type=\"heading.default\">\n\t\t\t\t<div class=\"elementor-widget-container\">\n\t\t\t\t\t<h2 class=\"elementor-heading-title elementor-size-default\">Instala\u00e7\u00e3o Sanit\u00e1rias.<\/h2>\t\t\t\t<\/div>\n\t\t\t\t<\/div>\n\t\t\t\t\t<\/div>\n\t\t<\/div>\n\t\t\t\t<div class=\"elementor-column elementor-col-50 elementor-top-column elementor-element elementor-element-4baa451 elementor-invisible\" data-id=\"4baa451\" data-element_type=\"column\" data-settings=\"{&quot;animation&quot;:&quot;fadeInLeft&quot;}\">\n\t\t\t<div class=\"elementor-widget-wrap elementor-element-populated\">\n\t\t\t\t\t\t<div class=\"elementor-element elementor-element-6c0b805 elementor-widget elementor-widget-image\" data-id=\"6c0b805\" data-element_type=\"widget\" data-widget_type=\"image.default\">\n\t\t\t\t<div class=\"elementor-widget-container\">\n\t\t\t\t\t\t\t\t\t\t\t\t\t\t\t<img fetchpriority=\"high\" decoding=\"async\" width=\"703\" height=\"224\" src=\"https:\/\/urboowconstruction.com\/wp-content\/uploads\/2025\/03\/wc_2.svg\" class=\"attachment-large size-large wp-image-9863\" alt=\"wc\" \/>\t\t\t\t\t\t\t\t\t\t\t\t\t\t\t<\/div>\n\t\t\t\t<\/div>\n\t\t\t\t\t<\/div>\n\t\t<\/div>\n\t\t\t\t\t<\/div>\n\t\t<\/section>\n\t\t\t\t<section class=\"elementor-section elementor-top-section elementor-element elementor-element-14339ef elementor-section-boxed elementor-section-height-default elementor-section-height-default wpr-particle-no wpr-jarallax-no wpr-parallax-no wpr-sticky-section-no\" data-id=\"14339ef\" data-element_type=\"section\" data-settings=\"{&quot;jet_parallax_layout_list&quot;:[],&quot;background_background&quot;:&quot;classic&quot;,&quot;_ha_eqh_enable&quot;:false}\">\n\t\t\t\t\t\t<div class=\"elementor-container elementor-column-gap-default\">\n\t\t\t\t\t<div class=\"elementor-column elementor-col-100 elementor-top-column elementor-element elementor-element-dc7a557 elementor-invisible\" data-id=\"dc7a557\" data-element_type=\"column\" data-settings=\"{&quot;animation&quot;:&quot;fadeInLeft&quot;}\">\n\t\t\t<div class=\"elementor-widget-wrap elementor-element-populated\">\n\t\t\t\t\t\t<div class=\"elementor-element elementor-element-34363ed elementor-widget__width-initial elementor-widget elementor-widget-heading\" data-id=\"34363ed\" data-element_type=\"widget\" data-widget_type=\"heading.default\">\n\t\t\t\t<div class=\"elementor-widget-container\">\n\t\t\t\t\t<h2 class=\"elementor-heading-title elementor-size-default\">Vieira do Minho.<\/h2>\t\t\t\t<\/div>\n\t\t\t\t<\/div>\n\t\t\t\t<section class=\"elementor-section elementor-inner-section elementor-element elementor-element-bf7e830 elementor-section-boxed elementor-section-height-default elementor-section-height-default wpr-particle-no wpr-jarallax-no wpr-parallax-no wpr-sticky-section-no\" data-id=\"bf7e830\" data-element_type=\"section\" data-settings=\"{&quot;jet_parallax_layout_list&quot;:[],&quot;_ha_eqh_enable&quot;:false}\">\n\t\t\t\t\t\t<div class=\"elementor-container elementor-column-gap-default\">\n\t\t\t\t\t<div class=\"elementor-column elementor-col-50 elementor-inner-column elementor-element elementor-element-0259988\" data-id=\"0259988\" data-element_type=\"column\">\n\t\t\t<div class=\"elementor-widget-wrap elementor-element-populated\">\n\t\t\t\t\t\t<div class=\"elementor-element elementor-element-a4b73e1 elementor-widget elementor-widget-heading\" data-id=\"a4b73e1\" data-element_type=\"widget\" data-widget_type=\"heading.default\">\n\t\t\t\t<div class=\"elementor-widget-container\">\n\t\t\t\t\t<h2 class=\"elementor-heading-title elementor-size-default\">Tipologia<\/h2>\t\t\t\t<\/div>\n\t\t\t\t<\/div>\n\t\t\t\t<div class=\"elementor-element elementor-element-f30fa8d elementor-widget elementor-widget-text-editor\" data-id=\"f30fa8d\" data-element_type=\"widget\" data-widget_type=\"text-editor.default\">\n\t\t\t\t<div class=\"elementor-widget-container\">\n\t\t\t\t\t\t\t\t\t<p>Contentor 3&#215;40&#8242;<\/p>\t\t\t\t\t\t\t\t<\/div>\n\t\t\t\t<\/div>\n\t\t\t\t<div class=\"elementor-element elementor-element-a3e4e73 elementor-widget elementor-widget-heading\" data-id=\"a3e4e73\" data-element_type=\"widget\" data-widget_type=\"heading.default\">\n\t\t\t\t<div class=\"elementor-widget-container\">\n\t\t\t\t\t<h2 class=\"elementor-heading-title elementor-size-default\">\u00c1rea<\/h2>\t\t\t\t<\/div>\n\t\t\t\t<\/div>\n\t\t\t\t<div class=\"elementor-element elementor-element-c71eff9 elementor-widget__width-initial elementor-widget elementor-widget-text-editor\" data-id=\"c71eff9\" data-element_type=\"widget\" data-widget_type=\"text-editor.default\">\n\t\t\t\t<div class=\"elementor-widget-container\">\n\t\t\t\t\t\t\t\t\t<p>Balne\u00e1rio 01 24,71m<em><sup>2 <\/sup><\/em>. Balne\u00e1rio \u00c1rbitros 8,27m<em><sup>2<\/sup><\/em> . Balne\u00e1rio 02 16,16m<em><sup>2<\/sup><\/em> . Balne\u00e1rio 03 24,71m<em><sup>2<\/sup><\/em> . Posto M\u00e9dico 8,28m<em><sup>\u00a0<\/sup><\/em>. Balne\u00e1rio 04 16,16m<em><sup>2<\/sup><\/em><\/p>\t\t\t\t\t\t\t\t<\/div>\n\t\t\t\t<\/div>\n\t\t\t\t<div class=\"elementor-element elementor-element-ccb2d4c elementor-widget elementor-widget-heading\" data-id=\"ccb2d4c\" data-element_type=\"widget\" data-widget_type=\"heading.default\">\n\t\t\t\t<div class=\"elementor-widget-container\">\n\t\t\t\t\t<h2 class=\"elementor-heading-title elementor-size-default\">Espa\u00e7os Existentes<\/h2>\t\t\t\t<\/div>\n\t\t\t\t<\/div>\n\t\t\t\t<div class=\"elementor-element elementor-element-78ab6dc elementor-widget__width-initial elementor-widget elementor-widget-text-editor\" data-id=\"78ab6dc\" data-element_type=\"widget\" data-widget_type=\"text-editor.default\">\n\t\t\t\t<div class=\"elementor-widget-container\">\n\t\t\t\t\t\t\t\t\t<p>Posto M\u00e9dico . Balne\u00e1rios<\/p>\t\t\t\t\t\t\t\t<\/div>\n\t\t\t\t<\/div>\n\t\t\t\t\t<\/div>\n\t\t<\/div>\n\t\t\t\t<div class=\"elementor-column elementor-col-50 elementor-inner-column elementor-element elementor-element-7b65aae\" data-id=\"7b65aae\" data-element_type=\"column\">\n\t\t\t<div class=\"elementor-widget-wrap elementor-element-populated\">\n\t\t\t\t\t\t<div class=\"elementor-element elementor-element-c2039f1 elementor-widget elementor-widget-image\" data-id=\"c2039f1\" data-element_type=\"widget\" data-widget_type=\"image.default\">\n\t\t\t\t<div class=\"elementor-widget-container\">\n\t\t\t\t\t\t\t\t\t\t\t\t\t\t\t<img decoding=\"async\" width=\"3691\" height=\"1116\" src=\"https:\/\/urboowconstruction.com\/wp-content\/uploads\/2025\/03\/80136.3_3X40-BALNEARIOS_PERSPETIVA-1.png\" class=\"attachment-full size-full wp-image-10919\" alt=\"\" srcset=\"https:\/\/urboowconstruction.com\/wp-content\/uploads\/2025\/03\/80136.3_3X40-BALNEARIOS_PERSPETIVA-1.png 3691w, https:\/\/urboowconstruction.com\/wp-content\/uploads\/2025\/03\/80136.3_3X40-BALNEARIOS_PERSPETIVA-1-300x91.png 300w, https:\/\/urboowconstruction.com\/wp-content\/uploads\/2025\/03\/80136.3_3X40-BALNEARIOS_PERSPETIVA-1-1024x310.png 1024w, https:\/\/urboowconstruction.com\/wp-content\/uploads\/2025\/03\/80136.3_3X40-BALNEARIOS_PERSPETIVA-1-768x232.png 768w, https:\/\/urboowconstruction.com\/wp-content\/uploads\/2025\/03\/80136.3_3X40-BALNEARIOS_PERSPETIVA-1-1536x464.png 1536w, https:\/\/urboowconstruction.com\/wp-content\/uploads\/2025\/03\/80136.3_3X40-BALNEARIOS_PERSPETIVA-1-2048x619.png 2048w, https:\/\/urboowconstruction.com\/wp-content\/uploads\/2025\/03\/80136.3_3X40-BALNEARIOS_PERSPETIVA-1-18x5.png 18w, https:\/\/urboowconstruction.com\/wp-content\/uploads\/2025\/03\/80136.3_3X40-BALNEARIOS_PERSPETIVA-1-24x7.png 24w, https:\/\/urboowconstruction.com\/wp-content\/uploads\/2025\/03\/80136.3_3X40-BALNEARIOS_PERSPETIVA-1-36x11.png 36w, https:\/\/urboowconstruction.com\/wp-content\/uploads\/2025\/03\/80136.3_3X40-BALNEARIOS_PERSPETIVA-1-48x15.png 48w\" sizes=\"(max-width: 3691px) 100vw, 3691px\" \/>\t\t\t\t\t\t\t\t\t\t\t\t\t\t\t<\/div>\n\t\t\t\t<\/div>\n\t\t\t\t\t<\/div>\n\t\t<\/div>\n\t\t\t\t\t<\/div>\n\t\t<\/section>\n\t\t\t\t<div class=\"elementor-element elementor-element-e711d82 gallery-spacing-custom elementor-widget elementor-widget-image-gallery\" data-id=\"e711d82\" data-element_type=\"widget\" data-widget_type=\"image-gallery.default\">\n\t\t\t\t<div class=\"elementor-widget-container\">\n\t\t\t\t\t\t\t<div class=\"elementor-image-gallery\">\n\t\t\t<div id='gallery-1' class='gallery galleryid-10890 gallery-columns-3 gallery-size-ImageSize500x500'><figure class='gallery-item'>\n\t\t\t<div class='gallery-icon landscape'>\n\t\t\t\t<a data-elementor-open-lightbox=\"yes\" data-elementor-lightbox-slideshow=\"e711d82\" data-elementor-lightbox-title=\"WhatsApp Image 2025-01-16 at 15.08.36 (9)\" data-e-action-hash=\"#elementor-action%3Aaction%3Dlightbox%26settings%3DeyJpZCI6MTA5MTIsInVybCI6Imh0dHBzOlwvXC91cmJvb3djb25zdHJ1Y3Rpb24uY29tXC93cC1jb250ZW50XC91cGxvYWRzXC8yMDI1XC8wM1wvV2hhdHNBcHAtSW1hZ2UtMjAyNS0wMS0xNi1hdC0xNS4wOC4zNi05LmpwZWciLCJzbGlkZXNob3ciOiJlNzExZDgyIn0%3D\" href='https:\/\/urboowconstruction.com\/wp-content\/uploads\/2025\/03\/WhatsApp-Image-2025-01-16-at-15.08.36-9.jpeg'><img decoding=\"async\" width=\"500\" height=\"500\" src=\"https:\/\/urboowconstruction.com\/wp-content\/uploads\/2025\/03\/WhatsApp-Image-2025-01-16-at-15.08.36-9-500x500.jpeg\" class=\"attachment-Image Size 500x500 size-Image Size 500x500\" alt=\"\" srcset=\"https:\/\/urboowconstruction.com\/wp-content\/uploads\/2025\/03\/WhatsApp-Image-2025-01-16-at-15.08.36-9-500x500.jpeg 500w, https:\/\/urboowconstruction.com\/wp-content\/uploads\/2025\/03\/WhatsApp-Image-2025-01-16-at-15.08.36-9-150x150.jpeg 150w\" sizes=\"(max-width: 500px) 100vw, 500px\" itemprop=\"image\" \/><\/a>\n\t\t\t<\/div><\/figure><figure class='gallery-item'>\n\t\t\t<div class='gallery-icon landscape'>\n\t\t\t\t<a data-elementor-open-lightbox=\"yes\" data-elementor-lightbox-slideshow=\"e711d82\" data-elementor-lightbox-title=\"WhatsApp Image 2025-01-16 at 15.08.36 (5)\" data-e-action-hash=\"#elementor-action%3Aaction%3Dlightbox%26settings%3DeyJpZCI6MTA5MTcsInVybCI6Imh0dHBzOlwvXC91cmJvb3djb25zdHJ1Y3Rpb24uY29tXC93cC1jb250ZW50XC91cGxvYWRzXC8yMDI1XC8wM1wvV2hhdHNBcHAtSW1hZ2UtMjAyNS0wMS0xNi1hdC0xNS4wOC4zNi01LmpwZWciLCJzbGlkZXNob3ciOiJlNzExZDgyIn0%3D\" href='https:\/\/urboowconstruction.com\/wp-content\/uploads\/2025\/03\/WhatsApp-Image-2025-01-16-at-15.08.36-5.jpeg'><img loading=\"lazy\" decoding=\"async\" width=\"500\" height=\"500\" src=\"https:\/\/urboowconstruction.com\/wp-content\/uploads\/2025\/03\/WhatsApp-Image-2025-01-16-at-15.08.36-5-500x500.jpeg\" class=\"attachment-Image Size 500x500 size-Image Size 500x500\" alt=\"\" srcset=\"https:\/\/urboowconstruction.com\/wp-content\/uploads\/2025\/03\/WhatsApp-Image-2025-01-16-at-15.08.36-5-500x500.jpeg 500w, https:\/\/urboowconstruction.com\/wp-content\/uploads\/2025\/03\/WhatsApp-Image-2025-01-16-at-15.08.36-5-150x150.jpeg 150w\" sizes=\"(max-width: 500px) 100vw, 500px\" itemprop=\"image\" \/><\/a>\n\t\t\t<\/div><\/figure><figure class='gallery-item'>\n\t\t\t<div class='gallery-icon landscape'>\n\t\t\t\t<a data-elementor-open-lightbox=\"yes\" data-elementor-lightbox-slideshow=\"e711d82\" data-elementor-lightbox-title=\"WhatsApp Image 2025-01-16 at 15.08.36 (10)\" data-e-action-hash=\"#elementor-action%3Aaction%3Dlightbox%26settings%3DeyJpZCI6MTA5MTMsInVybCI6Imh0dHBzOlwvXC91cmJvb3djb25zdHJ1Y3Rpb24uY29tXC93cC1jb250ZW50XC91cGxvYWRzXC8yMDI1XC8wM1wvV2hhdHNBcHAtSW1hZ2UtMjAyNS0wMS0xNi1hdC0xNS4wOC4zNi0xMC5qcGVnIiwic2xpZGVzaG93IjoiZTcxMWQ4MiJ9\" href='https:\/\/urboowconstruction.com\/wp-content\/uploads\/2025\/03\/WhatsApp-Image-2025-01-16-at-15.08.36-10.jpeg'><img loading=\"lazy\" decoding=\"async\" width=\"500\" height=\"500\" src=\"https:\/\/urboowconstruction.com\/wp-content\/uploads\/2025\/03\/WhatsApp-Image-2025-01-16-at-15.08.36-10-500x500.jpeg\" class=\"attachment-Image Size 500x500 size-Image Size 500x500\" alt=\"\" srcset=\"https:\/\/urboowconstruction.com\/wp-content\/uploads\/2025\/03\/WhatsApp-Image-2025-01-16-at-15.08.36-10-500x500.jpeg 500w, https:\/\/urboowconstruction.com\/wp-content\/uploads\/2025\/03\/WhatsApp-Image-2025-01-16-at-15.08.36-10-150x150.jpeg 150w\" sizes=\"(max-width: 500px) 100vw, 500px\" itemprop=\"image\" \/><\/a>\n\t\t\t<\/div><\/figure><figure class='gallery-item'>\n\t\t\t<div class='gallery-icon landscape'>\n\t\t\t\t<a data-elementor-open-lightbox=\"yes\" data-elementor-lightbox-slideshow=\"e711d82\" data-elementor-lightbox-title=\"WhatsApp Image 2025-01-16 at 15.08.36 (8)\" data-e-action-hash=\"#elementor-action%3Aaction%3Dlightbox%26settings%3DeyJpZCI6MTA5MTEsInVybCI6Imh0dHBzOlwvXC91cmJvb3djb25zdHJ1Y3Rpb24uY29tXC93cC1jb250ZW50XC91cGxvYWRzXC8yMDI1XC8wM1wvV2hhdHNBcHAtSW1hZ2UtMjAyNS0wMS0xNi1hdC0xNS4wOC4zNi04LmpwZWciLCJzbGlkZXNob3ciOiJlNzExZDgyIn0%3D\" href='https:\/\/urboowconstruction.com\/wp-content\/uploads\/2025\/03\/WhatsApp-Image-2025-01-16-at-15.08.36-8.jpeg'><img loading=\"lazy\" decoding=\"async\" width=\"500\" height=\"500\" src=\"https:\/\/urboowconstruction.com\/wp-content\/uploads\/2025\/03\/WhatsApp-Image-2025-01-16-at-15.08.36-8-500x500.jpeg\" class=\"attachment-Image Size 500x500 size-Image Size 500x500\" alt=\"\" srcset=\"https:\/\/urboowconstruction.com\/wp-content\/uploads\/2025\/03\/WhatsApp-Image-2025-01-16-at-15.08.36-8-500x500.jpeg 500w, https:\/\/urboowconstruction.com\/wp-content\/uploads\/2025\/03\/WhatsApp-Image-2025-01-16-at-15.08.36-8-150x150.jpeg 150w\" sizes=\"(max-width: 500px) 100vw, 500px\" itemprop=\"image\" \/><\/a>\n\t\t\t<\/div><\/figure><figure class='gallery-item'>\n\t\t\t<div class='gallery-icon landscape'>\n\t\t\t\t<a data-elementor-open-lightbox=\"yes\" data-elementor-lightbox-slideshow=\"e711d82\" data-elementor-lightbox-title=\"WhatsApp Image 2025-01-16 at 15.08.36 (7)\" data-e-action-hash=\"#elementor-action%3Aaction%3Dlightbox%26settings%3DeyJpZCI6MTA5MTAsInVybCI6Imh0dHBzOlwvXC91cmJvb3djb25zdHJ1Y3Rpb24uY29tXC93cC1jb250ZW50XC91cGxvYWRzXC8yMDI1XC8wM1wvV2hhdHNBcHAtSW1hZ2UtMjAyNS0wMS0xNi1hdC0xNS4wOC4zNi03LmpwZWciLCJzbGlkZXNob3ciOiJlNzExZDgyIn0%3D\" href='https:\/\/urboowconstruction.com\/wp-content\/uploads\/2025\/03\/WhatsApp-Image-2025-01-16-at-15.08.36-7.jpeg'><img loading=\"lazy\" decoding=\"async\" width=\"500\" height=\"500\" src=\"https:\/\/urboowconstruction.com\/wp-content\/uploads\/2025\/03\/WhatsApp-Image-2025-01-16-at-15.08.36-7-500x500.jpeg\" class=\"attachment-Image Size 500x500 size-Image Size 500x500\" alt=\"\" srcset=\"https:\/\/urboowconstruction.com\/wp-content\/uploads\/2025\/03\/WhatsApp-Image-2025-01-16-at-15.08.36-7-500x500.jpeg 500w, https:\/\/urboowconstruction.com\/wp-content\/uploads\/2025\/03\/WhatsApp-Image-2025-01-16-at-15.08.36-7-150x150.jpeg 150w\" sizes=\"(max-width: 500px) 100vw, 500px\" itemprop=\"image\" \/><\/a>\n\t\t\t<\/div><\/figure>\n\t\t<\/div>\n\t\t<\/div>\n\t\t\t\t\t\t<\/div>\n\t\t\t\t<\/div>\n\t\t\t\t\t<\/div>\n\t\t<\/div>\n\t\t\t\t\t<\/div>\n\t\t<\/section>\n\t\t\t\t<section class=\"elementor-section elementor-top-section elementor-element elementor-element-3e1ebe9 elementor-section-stretched elementor-section-boxed elementor-section-height-default elementor-section-height-default wpr-particle-no wpr-jarallax-no wpr-parallax-no wpr-sticky-section-no\" data-id=\"3e1ebe9\" data-element_type=\"section\" data-settings=\"{&quot;jet_parallax_layout_list&quot;:[{&quot;jet_parallax_layout_image&quot;:{&quot;url&quot;:&quot;&quot;,&quot;id&quot;:&quot;&quot;,&quot;size&quot;:&quot;&quot;},&quot;_id&quot;:&quot;357db43&quot;,&quot;jet_parallax_layout_image_tablet&quot;:{&quot;url&quot;:&quot;&quot;,&quot;id&quot;:&quot;&quot;,&quot;size&quot;:&quot;&quot;},&quot;jet_parallax_layout_image_mobile&quot;:{&quot;url&quot;:&quot;&quot;,&quot;id&quot;:&quot;&quot;,&quot;size&quot;:&quot;&quot;},&quot;jet_parallax_layout_speed&quot;:{&quot;unit&quot;:&quot;%&quot;,&quot;size&quot;:50,&quot;sizes&quot;:[]},&quot;jet_parallax_layout_type&quot;:&quot;scroll&quot;,&quot;jet_parallax_layout_direction&quot;:null,&quot;jet_parallax_layout_fx_direction&quot;:null,&quot;jet_parallax_layout_z_index&quot;:&quot;&quot;,&quot;jet_parallax_layout_bg_x&quot;:50,&quot;jet_parallax_layout_bg_x_tablet&quot;:&quot;&quot;,&quot;jet_parallax_layout_bg_x_mobile&quot;:&quot;&quot;,&quot;jet_parallax_layout_bg_y&quot;:50,&quot;jet_parallax_layout_bg_y_tablet&quot;:&quot;&quot;,&quot;jet_parallax_layout_bg_y_mobile&quot;:&quot;&quot;,&quot;jet_parallax_layout_bg_size&quot;:&quot;auto&quot;,&quot;jet_parallax_layout_bg_size_tablet&quot;:&quot;&quot;,&quot;jet_parallax_layout_bg_size_mobile&quot;:&quot;&quot;,&quot;jet_parallax_layout_animation_prop&quot;:&quot;transform&quot;,&quot;jet_parallax_layout_on&quot;:[&quot;desktop&quot;,&quot;tablet&quot;]}],&quot;animation&quot;:&quot;none&quot;,&quot;stretch_section&quot;:&quot;section-stretched&quot;,&quot;background_background&quot;:&quot;classic&quot;,&quot;_ha_eqh_enable&quot;:false}\">\n\t\t\t\t\t\t<div class=\"elementor-container elementor-column-gap-default\">\n\t\t\t\t\t<div class=\"elementor-column elementor-col-50 elementor-top-column elementor-element elementor-element-a2f1f84 raven-column-flex-horizontal elementor-invisible\" data-id=\"a2f1f84\" data-element_type=\"column\" data-settings=\"{&quot;background_background&quot;:&quot;classic&quot;,&quot;animation&quot;:&quot;fadeInUp&quot;,&quot;animation_delay&quot;:200}\">\n\t\t\t<div class=\"elementor-widget-wrap elementor-element-populated\">\n\t\t\t\t\t<div class=\"elementor-background-overlay\"><\/div>\n\t\t\t\t\t\t\t<\/div>\n\t\t<\/div>\n\t\t\t\t<div class=\"elementor-column elementor-col-50 elementor-top-column elementor-element elementor-element-a3f779b raven-column-flex-horizontal elementor-invisible\" data-id=\"a3f779b\" data-element_type=\"column\" data-settings=\"{&quot;background_background&quot;:&quot;classic&quot;,&quot;animation&quot;:&quot;fadeInUp&quot;,&quot;animation_delay&quot;:200}\">\n\t\t\t<div class=\"elementor-widget-wrap elementor-element-populated\">\n\t\t\t\t\t<div class=\"elementor-background-overlay\"><\/div>\n\t\t\t\t\t\t\t<\/div>\n\t\t<\/div>\n\t\t\t\t\t<\/div>\n\t\t<\/section>\n\t\t\t\t<\/div>\n\t\t","protected":false},"excerpt":{"rendered":"<p>Home Instala\u00e7\u00e3o Sanit\u00e1rias. Vieira do Minho. Tipologia Contentor 3&#215;40&#8242; \u00c1rea Balne\u00e1rio 01 24,71m2 . Balne\u00e1rio \u00c1rbitros 8,27m2 . Balne\u00e1rio 02 16,16m2 . Balne\u00e1rio 03 24,71m2 . Posto M\u00e9dico 8,28m\u00a0. Balne\u00e1rio 04 16,16m2 Espa\u00e7os Existentes Posto M\u00e9dico . Balne\u00e1rios<\/p>","protected":false},"author":1,"featured_media":0,"parent":9293,"menu_order":0,"comment_status":"closed","ping_status":"closed","template":"full-width.php","meta":{"_acf_changed":false,"_monsterinsights_skip_tracking":false,"_monsterinsights_sitenote_active":false,"_monsterinsights_sitenote_note":"","_monsterinsights_sitenote_category":0,"footnotes":""},"class_list":["post-10890","page","type-page","status-publish","hentry"],"acf":[],"jetpack_sharing_enabled":true,"amp_enabled":false,"_links":{"self":[{"href":"https:\/\/urboowconstruction.com\/en\/wp-json\/wp\/v2\/pages\/10890","targetHints":{"allow":["GET"]}}],"collection":[{"href":"https:\/\/urboowconstruction.com\/en\/wp-json\/wp\/v2\/pages"}],"about":[{"href":"https:\/\/urboowconstruction.com\/en\/wp-json\/wp\/v2\/types\/page"}],"author":[{"embeddable":true,"href":"https:\/\/urboowconstruction.com\/en\/wp-json\/wp\/v2\/users\/1"}],"replies":[{"embeddable":true,"href":"https:\/\/urboowconstruction.com\/en\/wp-json\/wp\/v2\/comments?post=10890"}],"version-history":[{"count":4,"href":"https:\/\/urboowconstruction.com\/en\/wp-json\/wp\/v2\/pages\/10890\/revisions"}],"predecessor-version":[{"id":11976,"href":"https:\/\/urboowconstruction.com\/en\/wp-json\/wp\/v2\/pages\/10890\/revisions\/11976"}],"up":[{"embeddable":true,"href":"https:\/\/urboowconstruction.com\/en\/wp-json\/wp\/v2\/pages\/9293"}],"wp:attachment":[{"href":"https:\/\/urboowconstruction.com\/en\/wp-json\/wp\/v2\/media?parent=10890"}],"curies":[{"name":"wp","href":"https:\/\/api.w.org\/{rel}","templated":true}]}}