{"id":10595,"date":"2025-03-12T12:49:03","date_gmt":"2025-03-12T12:49:03","guid":{"rendered":"https:\/\/urboowconstruction.com\/?page_id=10595"},"modified":"2025-09-05T16:15:49","modified_gmt":"2025-09-05T16:15:49","slug":"home-tondela","status":"publish","type":"page","link":"https:\/\/urboowconstruction.com\/en\/alojamento\/home-tondela\/","title":{"rendered":"Alojamento"},"content":{"rendered":"\t\t<div data-elementor-type=\"wp-post\" data-elementor-id=\"10595\" class=\"elementor elementor-10595\" data-elementor-settings=\"{&quot;ha_cmc_init_switcher&quot;:&quot;no&quot;}\">\n\t\t\t\t\t\t<section class=\"elementor-section elementor-top-section elementor-element elementor-element-c3575b2 elementor-section-boxed elementor-section-height-default elementor-section-height-default wpr-particle-no wpr-jarallax-no wpr-parallax-no wpr-sticky-section-no wpr-equal-height-no\" data-id=\"c3575b2\" data-element_type=\"section\" data-settings=\"{&quot;jet_parallax_layout_list&quot;:[],&quot;background_background&quot;:&quot;classic&quot;,&quot;_ha_eqh_enable&quot;:false}\">\n\t\t\t\t\t\t<div class=\"elementor-container elementor-column-gap-default\">\n\t\t\t\t\t<div class=\"elementor-column elementor-col-50 elementor-top-column elementor-element elementor-element-315651d elementor-invisible\" data-id=\"315651d\" data-element_type=\"column\" data-settings=\"{&quot;animation&quot;:&quot;fadeInLeft&quot;}\">\n\t\t\t<div class=\"elementor-widget-wrap elementor-element-populated\">\n\t\t\t\t\t\t<div class=\"elementor-element elementor-element-f4e2320 elementor-align-left elementor-widget elementor-widget-raven-breadcrumbs\" data-id=\"f4e2320\" data-element_type=\"widget\" data-widget_type=\"raven-breadcrumbs.default\">\n\t\t\t\t<div class=\"elementor-widget-container\">\n\t\t\t\t\t<div class=\"raven-breadcrumbs raven-breadcrumbs-default\"><div class=\"breadcrumb\">\t\t\t\t<div class=\"breadcrumb-item active\" aria-current=\"page\"><span>Home<\/span><\/div>\n\n\t\t\t\t<\/div><\/div>\t\t\t\t<\/div>\n\t\t\t\t<\/div>\n\t\t\t\t<div class=\"elementor-element elementor-element-f687726 elementor-widget__width-initial elementor-widget elementor-widget-heading\" data-id=\"f687726\" data-element_type=\"widget\" data-widget_type=\"heading.default\">\n\t\t\t\t<div class=\"elementor-widget-container\">\n\t\t\t\t\t<h2 class=\"elementor-heading-title elementor-size-default\">Alojamento.<\/h2>\t\t\t\t<\/div>\n\t\t\t\t<\/div>\n\t\t\t\t\t<\/div>\n\t\t<\/div>\n\t\t\t\t<div class=\"elementor-column elementor-col-50 elementor-top-column elementor-element elementor-element-4baa451 elementor-invisible\" data-id=\"4baa451\" data-element_type=\"column\" data-settings=\"{&quot;animation&quot;:&quot;fadeInLeft&quot;}\">\n\t\t\t<div class=\"elementor-widget-wrap elementor-element-populated\">\n\t\t\t\t\t\t<div class=\"elementor-element elementor-element-6c0b805 elementor-widget elementor-widget-image\" data-id=\"6c0b805\" data-element_type=\"widget\" data-widget_type=\"image.default\">\n\t\t\t\t<div class=\"elementor-widget-container\">\n\t\t\t\t\t\t\t\t\t\t\t\t\t\t\t<img fetchpriority=\"high\" decoding=\"async\" width=\"694\" height=\"221\" src=\"https:\/\/urboowconstruction.com\/wp-content\/uploads\/2025\/03\/alojamento.svg\" class=\"attachment-large size-large wp-image-10578\" alt=\"alojamento\" \/>\t\t\t\t\t\t\t\t\t\t\t\t\t\t\t<\/div>\n\t\t\t\t<\/div>\n\t\t\t\t\t<\/div>\n\t\t<\/div>\n\t\t\t\t\t<\/div>\n\t\t<\/section>\n\t\t\t\t<section class=\"elementor-section elementor-top-section elementor-element elementor-element-14339ef elementor-section-boxed elementor-section-height-default elementor-section-height-default wpr-particle-no wpr-jarallax-no wpr-parallax-no wpr-sticky-section-no wpr-equal-height-no\" data-id=\"14339ef\" data-element_type=\"section\" data-settings=\"{&quot;jet_parallax_layout_list&quot;:[],&quot;background_background&quot;:&quot;classic&quot;,&quot;_ha_eqh_enable&quot;:false}\">\n\t\t\t\t\t\t<div class=\"elementor-container elementor-column-gap-default\">\n\t\t\t\t\t<div class=\"elementor-column elementor-col-100 elementor-top-column elementor-element elementor-element-dc7a557 elementor-invisible\" data-id=\"dc7a557\" data-element_type=\"column\" data-settings=\"{&quot;animation&quot;:&quot;fadeInLeft&quot;}\">\n\t\t\t<div class=\"elementor-widget-wrap elementor-element-populated\">\n\t\t\t\t\t\t<div class=\"elementor-element elementor-element-34363ed elementor-widget__width-initial elementor-widget elementor-widget-heading\" data-id=\"34363ed\" data-element_type=\"widget\" data-widget_type=\"heading.default\">\n\t\t\t\t<div class=\"elementor-widget-container\">\n\t\t\t\t\t<h2 class=\"elementor-heading-title elementor-size-default\">Tondela.<\/h2>\t\t\t\t<\/div>\n\t\t\t\t<\/div>\n\t\t\t\t<section class=\"elementor-section elementor-inner-section elementor-element elementor-element-bf7e830 elementor-section-boxed elementor-section-height-default elementor-section-height-default wpr-particle-no wpr-jarallax-no wpr-parallax-no wpr-sticky-section-no wpr-equal-height-no\" data-id=\"bf7e830\" data-element_type=\"section\" data-settings=\"{&quot;jet_parallax_layout_list&quot;:[],&quot;_ha_eqh_enable&quot;:false}\">\n\t\t\t\t\t\t<div class=\"elementor-container elementor-column-gap-default\">\n\t\t\t\t\t<div class=\"elementor-column elementor-col-50 elementor-inner-column elementor-element elementor-element-0259988\" data-id=\"0259988\" data-element_type=\"column\">\n\t\t\t<div class=\"elementor-widget-wrap elementor-element-populated\">\n\t\t\t\t\t\t<div class=\"elementor-element elementor-element-a4b73e1 elementor-widget elementor-widget-heading\" data-id=\"a4b73e1\" data-element_type=\"widget\" data-widget_type=\"heading.default\">\n\t\t\t\t<div class=\"elementor-widget-container\">\n\t\t\t\t\t<h2 class=\"elementor-heading-title elementor-size-default\">Tipologia<\/h2>\t\t\t\t<\/div>\n\t\t\t\t<\/div>\n\t\t\t\t<div class=\"elementor-element elementor-element-f30fa8d elementor-widget elementor-widget-text-editor\" data-id=\"f30fa8d\" data-element_type=\"widget\" data-widget_type=\"text-editor.default\">\n\t\t\t\t<div class=\"elementor-widget-container\">\n\t\t\t\t\t\t\t\t\t<p>Contentor 40&#8242;<\/p>\t\t\t\t\t\t\t\t<\/div>\n\t\t\t\t<\/div>\n\t\t\t\t<div class=\"elementor-element elementor-element-a3e4e73 elementor-widget elementor-widget-heading\" data-id=\"a3e4e73\" data-element_type=\"widget\" data-widget_type=\"heading.default\">\n\t\t\t\t<div class=\"elementor-widget-container\">\n\t\t\t\t\t<h2 class=\"elementor-heading-title elementor-size-default\">\u00c1rea<\/h2>\t\t\t\t<\/div>\n\t\t\t\t<\/div>\n\t\t\t\t<div class=\"elementor-element elementor-element-c71eff9 elementor-widget__width-initial elementor-widget elementor-widget-text-editor\" data-id=\"c71eff9\" data-element_type=\"widget\" data-widget_type=\"text-editor.default\">\n\t\t\t\t<div class=\"elementor-widget-container\">\n\t\t\t\t\t\t\t\t\t<p>Quarto 7,77m<em><sup>2 <\/sup><\/em>. Instala\u00e7\u00e3o Sanit\u00e1ria 2,50m<em><sup>2<\/sup><\/em> . Kitchenette Sala 15,37m<em><sup>2<\/sup><\/em><\/p>\t\t\t\t\t\t\t\t<\/div>\n\t\t\t\t<\/div>\n\t\t\t\t<div class=\"elementor-element elementor-element-ccb2d4c elementor-widget elementor-widget-heading\" data-id=\"ccb2d4c\" data-element_type=\"widget\" data-widget_type=\"heading.default\">\n\t\t\t\t<div class=\"elementor-widget-container\">\n\t\t\t\t\t<h2 class=\"elementor-heading-title elementor-size-default\">Espa\u00e7os Existentes<\/h2>\t\t\t\t<\/div>\n\t\t\t\t<\/div>\n\t\t\t\t<div class=\"elementor-element elementor-element-78ab6dc elementor-widget__width-initial elementor-widget elementor-widget-text-editor\" data-id=\"78ab6dc\" data-element_type=\"widget\" data-widget_type=\"text-editor.default\">\n\t\t\t\t<div class=\"elementor-widget-container\">\n\t\t\t\t\t\t\t\t\t<p>Quarto<i> <\/i>. Instala\u00e7\u00e3o Sanit\u00e1ria . Kitchenette Sala<\/p>\t\t\t\t\t\t\t\t<\/div>\n\t\t\t\t<\/div>\n\t\t\t\t\t<\/div>\n\t\t<\/div>\n\t\t\t\t<div class=\"elementor-column elementor-col-50 elementor-inner-column elementor-element elementor-element-7b65aae\" data-id=\"7b65aae\" data-element_type=\"column\">\n\t\t\t<div class=\"elementor-widget-wrap elementor-element-populated\">\n\t\t\t\t\t\t<div class=\"elementor-element elementor-element-c2039f1 elementor-widget elementor-widget-image\" data-id=\"c2039f1\" data-element_type=\"widget\" data-widget_type=\"image.default\">\n\t\t\t\t<div class=\"elementor-widget-container\">\n\t\t\t\t\t\t\t\t\t\t\t\t\t\t\t<img decoding=\"async\" width=\"3371\" height=\"1316\" src=\"https:\/\/urboowconstruction.com\/wp-content\/uploads\/2025\/03\/80000_24.1_PERSPETIVA.png\" class=\"attachment-full size-full wp-image-10584\" alt=\"80000_24.1\" srcset=\"https:\/\/urboowconstruction.com\/wp-content\/uploads\/2025\/03\/80000_24.1_PERSPETIVA.png 3371w, https:\/\/urboowconstruction.com\/wp-content\/uploads\/2025\/03\/80000_24.1_PERSPETIVA-300x117.png 300w, https:\/\/urboowconstruction.com\/wp-content\/uploads\/2025\/03\/80000_24.1_PERSPETIVA-1024x400.png 1024w, https:\/\/urboowconstruction.com\/wp-content\/uploads\/2025\/03\/80000_24.1_PERSPETIVA-768x300.png 768w, https:\/\/urboowconstruction.com\/wp-content\/uploads\/2025\/03\/80000_24.1_PERSPETIVA-1536x600.png 1536w, https:\/\/urboowconstruction.com\/wp-content\/uploads\/2025\/03\/80000_24.1_PERSPETIVA-2048x800.png 2048w, https:\/\/urboowconstruction.com\/wp-content\/uploads\/2025\/03\/80000_24.1_PERSPETIVA-18x7.png 18w, https:\/\/urboowconstruction.com\/wp-content\/uploads\/2025\/03\/80000_24.1_PERSPETIVA-24x9.png 24w, https:\/\/urboowconstruction.com\/wp-content\/uploads\/2025\/03\/80000_24.1_PERSPETIVA-36x14.png 36w, https:\/\/urboowconstruction.com\/wp-content\/uploads\/2025\/03\/80000_24.1_PERSPETIVA-48x19.png 48w\" sizes=\"(max-width: 3371px) 100vw, 3371px\" \/>\t\t\t\t\t\t\t\t\t\t\t\t\t\t\t<\/div>\n\t\t\t\t<\/div>\n\t\t\t\t\t<\/div>\n\t\t<\/div>\n\t\t\t\t\t<\/div>\n\t\t<\/section>\n\t\t\t\t<div class=\"elementor-element elementor-element-e711d82 gallery-spacing-custom elementor-widget elementor-widget-image-gallery\" data-id=\"e711d82\" data-element_type=\"widget\" data-widget_type=\"image-gallery.default\">\n\t\t\t\t<div class=\"elementor-widget-container\">\n\t\t\t\t\t\t\t<div class=\"elementor-image-gallery\">\n\t\t\t<div id='gallery-1' class='gallery galleryid-10595 gallery-columns-4 gallery-size-ImageSize500x500'><figure class='gallery-item'>\n\t\t\t<div class='gallery-icon portrait'>\n\t\t\t\t<a data-elementor-open-lightbox=\"yes\" data-elementor-lightbox-slideshow=\"e711d82\" data-elementor-lightbox-title=\"Alojamento\" data-e-action-hash=\"#elementor-action%3Aaction%3Dlightbox%26settings%3DeyJpZCI6MTA1OTksInVybCI6Imh0dHBzOlwvXC91cmJvb3djb25zdHJ1Y3Rpb24uY29tXC93cC1jb250ZW50XC91cGxvYWRzXC8yMDI1XC8wM1wvMjAxOS0wNS0wMS0yMC41OS40NS0xLmpwZyIsInNsaWRlc2hvdyI6ImU3MTFkODIifQ%3D%3D\" href='https:\/\/urboowconstruction.com\/wp-content\/uploads\/2025\/03\/2019-05-01-20.59.45-1.jpg'><img decoding=\"async\" width=\"500\" height=\"500\" src=\"https:\/\/urboowconstruction.com\/wp-content\/uploads\/2025\/03\/2019-05-01-20.59.45-1-500x500.jpg\" class=\"attachment-Image Size 500x500 size-Image Size 500x500\" alt=\"Alojamento\" srcset=\"https:\/\/urboowconstruction.com\/wp-content\/uploads\/2025\/03\/2019-05-01-20.59.45-1-500x500.jpg 500w, https:\/\/urboowconstruction.com\/wp-content\/uploads\/2025\/03\/2019-05-01-20.59.45-1-150x150.jpg 150w\" sizes=\"(max-width: 500px) 100vw, 500px\" itemprop=\"image\" \/><\/a>\n\t\t\t<\/div><\/figure><figure class='gallery-item'>\n\t\t\t<div class='gallery-icon landscape'>\n\t\t\t\t<a data-elementor-open-lightbox=\"yes\" data-elementor-lightbox-slideshow=\"e711d82\" data-elementor-lightbox-title=\"Alojamento\" data-e-action-hash=\"#elementor-action%3Aaction%3Dlightbox%26settings%3DeyJpZCI6MTA2MDQsInVybCI6Imh0dHBzOlwvXC91cmJvb3djb25zdHJ1Y3Rpb24uY29tXC93cC1jb250ZW50XC91cGxvYWRzXC8yMDI1XC8wM1wvRFNDMzAxMC1zY2FsZWQuanBnIiwic2xpZGVzaG93IjoiZTcxMWQ4MiJ9\" href='https:\/\/urboowconstruction.com\/wp-content\/uploads\/2025\/03\/DSC3010-scaled.jpg'><img loading=\"lazy\" decoding=\"async\" width=\"500\" height=\"500\" src=\"https:\/\/urboowconstruction.com\/wp-content\/uploads\/2025\/03\/DSC3010-500x500.jpg\" class=\"attachment-Image Size 500x500 size-Image Size 500x500\" alt=\"Alojamento\" srcset=\"https:\/\/urboowconstruction.com\/wp-content\/uploads\/2025\/03\/DSC3010-500x500.jpg 500w, https:\/\/urboowconstruction.com\/wp-content\/uploads\/2025\/03\/DSC3010-150x150.jpg 150w\" sizes=\"(max-width: 500px) 100vw, 500px\" itemprop=\"image\" \/><\/a>\n\t\t\t<\/div><\/figure><figure class='gallery-item'>\n\t\t\t<div class='gallery-icon portrait'>\n\t\t\t\t<a data-elementor-open-lightbox=\"yes\" data-elementor-lightbox-slideshow=\"e711d82\" data-elementor-lightbox-title=\"Alojamento\" data-e-action-hash=\"#elementor-action%3Aaction%3Dlightbox%26settings%3DeyJpZCI6MTA2MDAsInVybCI6Imh0dHBzOlwvXC91cmJvb3djb25zdHJ1Y3Rpb24uY29tXC93cC1jb250ZW50XC91cGxvYWRzXC8yMDI1XC8wM1wvbWctMTAtc2NhbGVkLmpwZyIsInNsaWRlc2hvdyI6ImU3MTFkODIifQ%3D%3D\" href='https:\/\/urboowconstruction.com\/wp-content\/uploads\/2025\/03\/mg-10-scaled.jpg'><img loading=\"lazy\" decoding=\"async\" width=\"500\" height=\"500\" src=\"https:\/\/urboowconstruction.com\/wp-content\/uploads\/2025\/03\/mg-10-500x500.jpg\" class=\"attachment-Image Size 500x500 size-Image Size 500x500\" alt=\"Alojamento\" srcset=\"https:\/\/urboowconstruction.com\/wp-content\/uploads\/2025\/03\/mg-10-500x500.jpg 500w, https:\/\/urboowconstruction.com\/wp-content\/uploads\/2025\/03\/mg-10-150x150.jpg 150w\" sizes=\"(max-width: 500px) 100vw, 500px\" itemprop=\"image\" \/><\/a>\n\t\t\t<\/div><\/figure><figure class='gallery-item'>\n\t\t\t<div class='gallery-icon portrait'>\n\t\t\t\t<a data-elementor-open-lightbox=\"yes\" data-elementor-lightbox-slideshow=\"e711d82\" data-elementor-lightbox-title=\"Alojamento\" data-e-action-hash=\"#elementor-action%3Aaction%3Dlightbox%26settings%3DeyJpZCI6MTA2MDIsInVybCI6Imh0dHBzOlwvXC91cmJvb3djb25zdHJ1Y3Rpb24uY29tXC93cC1jb250ZW50XC91cGxvYWRzXC8yMDI1XC8wM1wvRFNDMjk2OC1zY2FsZWQuanBnIiwic2xpZGVzaG93IjoiZTcxMWQ4MiJ9\" href='https:\/\/urboowconstruction.com\/wp-content\/uploads\/2025\/03\/DSC2968-scaled.jpg'><img loading=\"lazy\" decoding=\"async\" width=\"500\" height=\"500\" src=\"https:\/\/urboowconstruction.com\/wp-content\/uploads\/2025\/03\/DSC2968-500x500.jpg\" class=\"attachment-Image Size 500x500 size-Image Size 500x500\" alt=\"Alojamento\" srcset=\"https:\/\/urboowconstruction.com\/wp-content\/uploads\/2025\/03\/DSC2968-500x500.jpg 500w, https:\/\/urboowconstruction.com\/wp-content\/uploads\/2025\/03\/DSC2968-150x150.jpg 150w\" sizes=\"(max-width: 500px) 100vw, 500px\" itemprop=\"image\" \/><\/a>\n\t\t\t<\/div><\/figure><figure class='gallery-item'>\n\t\t\t<div class='gallery-icon portrait'>\n\t\t\t\t<a data-elementor-open-lightbox=\"yes\" data-elementor-lightbox-slideshow=\"e711d82\" data-elementor-lightbox-title=\"Alojamento\" data-e-action-hash=\"#elementor-action%3Aaction%3Dlightbox%26settings%3DeyJpZCI6MTA2MDMsInVybCI6Imh0dHBzOlwvXC91cmJvb3djb25zdHJ1Y3Rpb24uY29tXC93cC1jb250ZW50XC91cGxvYWRzXC8yMDI1XC8wM1wvRFNDMjk5OC1zY2FsZWQuanBnIiwic2xpZGVzaG93IjoiZTcxMWQ4MiJ9\" href='https:\/\/urboowconstruction.com\/wp-content\/uploads\/2025\/03\/DSC2998-scaled.jpg'><img loading=\"lazy\" decoding=\"async\" width=\"500\" height=\"500\" src=\"https:\/\/urboowconstruction.com\/wp-content\/uploads\/2025\/03\/DSC2998-500x500.jpg\" class=\"attachment-Image Size 500x500 size-Image Size 500x500\" alt=\"Alojamento\" srcset=\"https:\/\/urboowconstruction.com\/wp-content\/uploads\/2025\/03\/DSC2998-500x500.jpg 500w, https:\/\/urboowconstruction.com\/wp-content\/uploads\/2025\/03\/DSC2998-150x150.jpg 150w\" sizes=\"(max-width: 500px) 100vw, 500px\" itemprop=\"image\" \/><\/a>\n\t\t\t<\/div><\/figure><figure class='gallery-item'>\n\t\t\t<div class='gallery-icon portrait'>\n\t\t\t\t<a data-elementor-open-lightbox=\"yes\" data-elementor-lightbox-slideshow=\"e711d82\" data-elementor-lightbox-title=\"Alojamento\" data-e-action-hash=\"#elementor-action%3Aaction%3Dlightbox%26settings%3DeyJpZCI6MTA1OTgsInVybCI6Imh0dHBzOlwvXC91cmJvb3djb25zdHJ1Y3Rpb24uY29tXC93cC1jb250ZW50XC91cGxvYWRzXC8yMDI1XC8wM1wvMjAxOS0wNS0wMS0yMC4yOC4wNi0xLXNjYWxlZC5qcGciLCJzbGlkZXNob3ciOiJlNzExZDgyIn0%3D\" href='https:\/\/urboowconstruction.com\/wp-content\/uploads\/2025\/03\/2019-05-01-20.28.06-1-scaled.jpg'><img loading=\"lazy\" decoding=\"async\" width=\"500\" height=\"500\" src=\"https:\/\/urboowconstruction.com\/wp-content\/uploads\/2025\/03\/2019-05-01-20.28.06-1-500x500.jpg\" class=\"attachment-Image Size 500x500 size-Image Size 500x500\" alt=\"Alojamento\" srcset=\"https:\/\/urboowconstruction.com\/wp-content\/uploads\/2025\/03\/2019-05-01-20.28.06-1-500x500.jpg 500w, https:\/\/urboowconstruction.com\/wp-content\/uploads\/2025\/03\/2019-05-01-20.28.06-1-150x150.jpg 150w\" sizes=\"(max-width: 500px) 100vw, 500px\" itemprop=\"image\" \/><\/a>\n\t\t\t<\/div><\/figure><figure class='gallery-item'>\n\t\t\t<div class='gallery-icon portrait'>\n\t\t\t\t<a data-elementor-open-lightbox=\"yes\" data-elementor-lightbox-slideshow=\"e711d82\" data-elementor-lightbox-title=\"Alojamento\" data-e-action-hash=\"#elementor-action%3Aaction%3Dlightbox%26settings%3DeyJpZCI6MTA1OTcsInVybCI6Imh0dHBzOlwvXC91cmJvb3djb25zdHJ1Y3Rpb24uY29tXC93cC1jb250ZW50XC91cGxvYWRzXC8yMDI1XC8wM1wvRFNDNjU3My1zY2FsZWQuanBnIiwic2xpZGVzaG93IjoiZTcxMWQ4MiJ9\" href='https:\/\/urboowconstruction.com\/wp-content\/uploads\/2025\/03\/DSC6573-scaled.jpg'><img loading=\"lazy\" decoding=\"async\" width=\"500\" height=\"500\" src=\"https:\/\/urboowconstruction.com\/wp-content\/uploads\/2025\/03\/DSC6573-500x500.jpg\" class=\"attachment-Image Size 500x500 size-Image Size 500x500\" alt=\"Alojamento\" srcset=\"https:\/\/urboowconstruction.com\/wp-content\/uploads\/2025\/03\/DSC6573-500x500.jpg 500w, https:\/\/urboowconstruction.com\/wp-content\/uploads\/2025\/03\/DSC6573-150x150.jpg 150w\" sizes=\"(max-width: 500px) 100vw, 500px\" itemprop=\"image\" \/><\/a>\n\t\t\t<\/div><\/figure><figure class='gallery-item'>\n\t\t\t<div class='gallery-icon landscape'>\n\t\t\t\t<a data-elementor-open-lightbox=\"yes\" data-elementor-lightbox-slideshow=\"e711d82\" data-elementor-lightbox-title=\"Alojamento\" data-e-action-hash=\"#elementor-action%3Aaction%3Dlightbox%26settings%3DeyJpZCI6MTA2MDEsInVybCI6Imh0dHBzOlwvXC91cmJvb3djb25zdHJ1Y3Rpb24uY29tXC93cC1jb250ZW50XC91cGxvYWRzXC8yMDI1XC8wM1wvRFNDMDY3NS1zY2FsZWQuanBnIiwic2xpZGVzaG93IjoiZTcxMWQ4MiJ9\" href='https:\/\/urboowconstruction.com\/wp-content\/uploads\/2025\/03\/DSC0675-scaled.jpg'><img loading=\"lazy\" decoding=\"async\" width=\"500\" height=\"500\" src=\"https:\/\/urboowconstruction.com\/wp-content\/uploads\/2025\/03\/DSC0675-500x500.jpg\" class=\"attachment-Image Size 500x500 size-Image Size 500x500\" alt=\"Alojamento\" srcset=\"https:\/\/urboowconstruction.com\/wp-content\/uploads\/2025\/03\/DSC0675-500x500.jpg 500w, https:\/\/urboowconstruction.com\/wp-content\/uploads\/2025\/03\/DSC0675-150x150.jpg 150w\" sizes=\"(max-width: 500px) 100vw, 500px\" itemprop=\"image\" \/><\/a>\n\t\t\t<\/div><\/figure>\n\t\t<\/div>\n\t\t<\/div>\n\t\t\t\t\t\t<\/div>\n\t\t\t\t<\/div>\n\t\t\t\t\t<\/div>\n\t\t<\/div>\n\t\t\t\t\t<\/div>\n\t\t<\/section>\n\t\t\t\t<section class=\"elementor-section elementor-top-section elementor-element elementor-element-3e1ebe9 elementor-section-stretched elementor-section-boxed elementor-section-height-default elementor-section-height-default wpr-particle-no wpr-jarallax-no wpr-parallax-no wpr-sticky-section-no wpr-equal-height-no\" data-id=\"3e1ebe9\" data-element_type=\"section\" data-settings=\"{&quot;jet_parallax_layout_list&quot;:[{&quot;jet_parallax_layout_image&quot;:{&quot;url&quot;:&quot;&quot;,&quot;id&quot;:&quot;&quot;,&quot;size&quot;:&quot;&quot;},&quot;_id&quot;:&quot;357db43&quot;,&quot;jet_parallax_layout_image_tablet&quot;:{&quot;url&quot;:&quot;&quot;,&quot;id&quot;:&quot;&quot;,&quot;size&quot;:&quot;&quot;},&quot;jet_parallax_layout_image_mobile&quot;:{&quot;url&quot;:&quot;&quot;,&quot;id&quot;:&quot;&quot;,&quot;size&quot;:&quot;&quot;},&quot;jet_parallax_layout_speed&quot;:{&quot;unit&quot;:&quot;%&quot;,&quot;size&quot;:50,&quot;sizes&quot;:[]},&quot;jet_parallax_layout_type&quot;:&quot;scroll&quot;,&quot;jet_parallax_layout_direction&quot;:null,&quot;jet_parallax_layout_fx_direction&quot;:null,&quot;jet_parallax_layout_z_index&quot;:&quot;&quot;,&quot;jet_parallax_layout_bg_x&quot;:50,&quot;jet_parallax_layout_bg_x_tablet&quot;:&quot;&quot;,&quot;jet_parallax_layout_bg_x_mobile&quot;:&quot;&quot;,&quot;jet_parallax_layout_bg_y&quot;:50,&quot;jet_parallax_layout_bg_y_tablet&quot;:&quot;&quot;,&quot;jet_parallax_layout_bg_y_mobile&quot;:&quot;&quot;,&quot;jet_parallax_layout_bg_size&quot;:&quot;auto&quot;,&quot;jet_parallax_layout_bg_size_tablet&quot;:&quot;&quot;,&quot;jet_parallax_layout_bg_size_mobile&quot;:&quot;&quot;,&quot;jet_parallax_layout_animation_prop&quot;:&quot;transform&quot;,&quot;jet_parallax_layout_on&quot;:[&quot;desktop&quot;,&quot;tablet&quot;]}],&quot;animation&quot;:&quot;none&quot;,&quot;stretch_section&quot;:&quot;section-stretched&quot;,&quot;background_background&quot;:&quot;classic&quot;,&quot;_ha_eqh_enable&quot;:false}\">\n\t\t\t\t\t\t<div class=\"elementor-container elementor-column-gap-default\">\n\t\t\t\t\t<div class=\"elementor-column elementor-col-50 elementor-top-column elementor-element elementor-element-a2f1f84 raven-column-flex-horizontal elementor-invisible\" data-id=\"a2f1f84\" data-element_type=\"column\" data-settings=\"{&quot;background_background&quot;:&quot;classic&quot;,&quot;animation&quot;:&quot;fadeInUp&quot;,&quot;animation_delay&quot;:200}\">\n\t\t\t<div class=\"elementor-widget-wrap elementor-element-populated\">\n\t\t\t\t\t<div class=\"elementor-background-overlay\"><\/div>\n\t\t\t\t\t\t\t<\/div>\n\t\t<\/div>\n\t\t\t\t<div class=\"elementor-column elementor-col-50 elementor-top-column elementor-element elementor-element-a3f779b raven-column-flex-horizontal elementor-invisible\" data-id=\"a3f779b\" data-element_type=\"column\" data-settings=\"{&quot;background_background&quot;:&quot;classic&quot;,&quot;animation&quot;:&quot;fadeInUp&quot;,&quot;animation_delay&quot;:200}\">\n\t\t\t<div class=\"elementor-widget-wrap elementor-element-populated\">\n\t\t\t\t\t<div class=\"elementor-background-overlay\"><\/div>\n\t\t\t\t\t\t\t<\/div>\n\t\t<\/div>\n\t\t\t\t\t<\/div>\n\t\t<\/section>\n\t\t\t\t<\/div>\n\t\t","protected":false},"excerpt":{"rendered":"<p>Home Alojamento. Tondela. Tipologia Contentor 40&#8242; \u00c1rea Quarto 7,77m2 . Instala\u00e7\u00e3o Sanit\u00e1ria 2,50m2 . Kitchenette Sala 15,37m2 Espa\u00e7os Existentes Quarto . Instala\u00e7\u00e3o Sanit\u00e1ria . Kitchenette Sala<\/p>","protected":false},"author":1,"featured_media":0,"parent":9355,"menu_order":0,"comment_status":"closed","ping_status":"closed","template":"full-width.php","meta":{"_acf_changed":false,"_monsterinsights_skip_tracking":false,"_monsterinsights_sitenote_active":false,"_monsterinsights_sitenote_note":"","_monsterinsights_sitenote_category":0,"footnotes":""},"class_list":["post-10595","page","type-page","status-publish","hentry"],"acf":[],"jetpack_sharing_enabled":true,"amp_enabled":false,"_links":{"self":[{"href":"https:\/\/urboowconstruction.com\/en\/wp-json\/wp\/v2\/pages\/10595","targetHints":{"allow":["GET"]}}],"collection":[{"href":"https:\/\/urboowconstruction.com\/en\/wp-json\/wp\/v2\/pages"}],"about":[{"href":"https:\/\/urboowconstruction.com\/en\/wp-json\/wp\/v2\/types\/page"}],"author":[{"embeddable":true,"href":"https:\/\/urboowconstruction.com\/en\/wp-json\/wp\/v2\/users\/1"}],"replies":[{"embeddable":true,"href":"https:\/\/urboowconstruction.com\/en\/wp-json\/wp\/v2\/comments?post=10595"}],"version-history":[{"count":4,"href":"https:\/\/urboowconstruction.com\/en\/wp-json\/wp\/v2\/pages\/10595\/revisions"}],"predecessor-version":[{"id":12072,"href":"https:\/\/urboowconstruction.com\/en\/wp-json\/wp\/v2\/pages\/10595\/revisions\/12072"}],"up":[{"embeddable":true,"href":"https:\/\/urboowconstruction.com\/en\/wp-json\/wp\/v2\/pages\/9355"}],"wp:attachment":[{"href":"https:\/\/urboowconstruction.com\/en\/wp-json\/wp\/v2\/media?parent=10595"}],"curies":[{"name":"wp","href":"https:\/\/api.w.org\/{rel}","templated":true}]}}