{"id":10536,"date":"2025-03-12T11:34:15","date_gmt":"2025-03-12T11:34:15","guid":{"rendered":"https:\/\/urboowconstruction.com\/?page_id=10536"},"modified":"2025-09-05T16:13:22","modified_gmt":"2025-09-05T16:13:22","slug":"escola-tondela","status":"publish","type":"page","link":"https:\/\/urboowconstruction.com\/en\/ensino-educacao\/escola-tondela\/","title":{"rendered":"Escola e Biblioteca"},"content":{"rendered":"<div data-elementor-type=\"wp-post\" data-elementor-id=\"10536\" class=\"elementor elementor-10536\" data-elementor-settings=\"{&quot;ha_cmc_init_switcher&quot;:&quot;no&quot;}\">\n\t\t\t\t\t\t<section class=\"elementor-section elementor-top-section elementor-element elementor-element-c3575b2 elementor-section-boxed elementor-section-height-default elementor-section-height-default wpr-particle-no wpr-jarallax-no wpr-parallax-no wpr-sticky-section-no wpr-equal-height-no\" data-id=\"c3575b2\" data-element_type=\"section\" data-settings=\"{&quot;jet_parallax_layout_list&quot;:[],&quot;background_background&quot;:&quot;classic&quot;,&quot;_ha_eqh_enable&quot;:false}\">\n\t\t\t\t\t\t<div class=\"elementor-container elementor-column-gap-default\">\n\t\t\t\t\t<div class=\"elementor-column elementor-col-50 elementor-top-column elementor-element elementor-element-315651d elementor-invisible\" data-id=\"315651d\" data-element_type=\"column\" data-settings=\"{&quot;animation&quot;:&quot;fadeInLeft&quot;}\">\n\t\t\t<div class=\"elementor-widget-wrap elementor-element-populated\">\n\t\t\t\t\t\t<div class=\"elementor-element elementor-element-f4e2320 elementor-align-left elementor-widget elementor-widget-raven-breadcrumbs\" data-id=\"f4e2320\" data-element_type=\"widget\" data-widget_type=\"raven-breadcrumbs.default\">\n\t\t\t\t<div class=\"elementor-widget-container\">\n\t\t\t\t\t<div class=\"raven-breadcrumbs raven-breadcrumbs-default\"><div class=\"breadcrumb\">\t\t\t\t<div class=\"breadcrumb-item active\" aria-current=\"page\"><span>Home<\/span><\/div>\n\n\t\t\t\t<\/div><\/div>\t\t\t\t<\/div>\n\t\t\t\t<\/div>\n\t\t\t\t<div class=\"elementor-element elementor-element-f687726 elementor-widget__width-initial elementor-widget elementor-widget-heading\" data-id=\"f687726\" data-element_type=\"widget\" data-widget_type=\"heading.default\">\n\t\t\t\t<div class=\"elementor-widget-container\">\n\t\t\t\t\t<h2 class=\"elementor-heading-title elementor-size-default\">Ensino &amp;<br>Educa\u00e7\u00e3o.<\/h2>\t\t\t\t<\/div>\n\t\t\t\t<\/div>\n\t\t\t\t\t<\/div>\n\t\t<\/div>\n\t\t\t\t<div class=\"elementor-column elementor-col-50 elementor-top-column elementor-element elementor-element-4baa451 elementor-invisible\" data-id=\"4baa451\" data-element_type=\"column\" data-settings=\"{&quot;animation&quot;:&quot;fadeInLeft&quot;}\">\n\t\t\t<div class=\"elementor-widget-wrap elementor-element-populated\">\n\t\t\t\t\t\t<div class=\"elementor-element elementor-element-6c0b805 elementor-widget elementor-widget-image\" data-id=\"6c0b805\" data-element_type=\"widget\" data-widget_type=\"image.default\">\n\t\t\t\t<div class=\"elementor-widget-container\">\n\t\t\t\t\t\t\t\t\t\t\t\t\t\t\t<img fetchpriority=\"high\" decoding=\"async\" width=\"879\" height=\"221\" src=\"https:\/\/urboowconstruction.com\/wp-content\/uploads\/2025\/03\/ensino.svg\" class=\"attachment-large size-large wp-image-10508\" alt=\"ensino\" \/>\t\t\t\t\t\t\t\t\t\t\t\t\t\t\t<\/div>\n\t\t\t\t<\/div>\n\t\t\t\t\t<\/div>\n\t\t<\/div>\n\t\t\t\t\t<\/div>\n\t\t<\/section>\n\t\t\t\t<section class=\"elementor-section elementor-top-section elementor-element elementor-element-14339ef elementor-section-boxed elementor-section-height-default elementor-section-height-default wpr-particle-no wpr-jarallax-no wpr-parallax-no wpr-sticky-section-no wpr-equal-height-no\" data-id=\"14339ef\" data-element_type=\"section\" data-settings=\"{&quot;jet_parallax_layout_list&quot;:[],&quot;background_background&quot;:&quot;classic&quot;,&quot;_ha_eqh_enable&quot;:false}\">\n\t\t\t\t\t\t<div class=\"elementor-container elementor-column-gap-default\">\n\t\t\t\t\t<div class=\"elementor-column elementor-col-100 elementor-top-column elementor-element elementor-element-dc7a557 elementor-invisible\" data-id=\"dc7a557\" data-element_type=\"column\" data-settings=\"{&quot;animation&quot;:&quot;fadeInLeft&quot;}\">\n\t\t\t<div class=\"elementor-widget-wrap elementor-element-populated\">\n\t\t\t\t\t\t<div class=\"elementor-element elementor-element-34363ed elementor-widget__width-initial elementor-widget elementor-widget-heading\" data-id=\"34363ed\" data-element_type=\"widget\" data-widget_type=\"heading.default\">\n\t\t\t\t<div class=\"elementor-widget-container\">\n\t\t\t\t\t<h2 class=\"elementor-heading-title elementor-size-default\">Tondela.<\/h2>\t\t\t\t<\/div>\n\t\t\t\t<\/div>\n\t\t\t\t<section class=\"elementor-section elementor-inner-section elementor-element elementor-element-bf7e830 elementor-section-boxed elementor-section-height-default elementor-section-height-default wpr-particle-no wpr-jarallax-no wpr-parallax-no wpr-sticky-section-no wpr-equal-height-no\" data-id=\"bf7e830\" data-element_type=\"section\" data-settings=\"{&quot;jet_parallax_layout_list&quot;:[],&quot;_ha_eqh_enable&quot;:false}\">\n\t\t\t\t\t\t<div class=\"elementor-container elementor-column-gap-default\">\n\t\t\t\t\t<div class=\"elementor-column elementor-col-50 elementor-inner-column elementor-element elementor-element-0259988\" data-id=\"0259988\" data-element_type=\"column\">\n\t\t\t<div class=\"elementor-widget-wrap elementor-element-populated\">\n\t\t\t\t\t\t<div class=\"elementor-element elementor-element-a4b73e1 elementor-widget elementor-widget-heading\" data-id=\"a4b73e1\" data-element_type=\"widget\" data-widget_type=\"heading.default\">\n\t\t\t\t<div class=\"elementor-widget-container\">\n\t\t\t\t\t<h2 class=\"elementor-heading-title elementor-size-default\">Tipologia<\/h2>\t\t\t\t<\/div>\n\t\t\t\t<\/div>\n\t\t\t\t<div class=\"elementor-element elementor-element-f30fa8d elementor-widget elementor-widget-text-editor\" data-id=\"f30fa8d\" data-element_type=\"widget\" data-widget_type=\"text-editor.default\">\n\t\t\t\t<div class=\"elementor-widget-container\">\n\t\t\t\t\t\t\t\t\t<p>Contentor 40&#8242;<\/p>\t\t\t\t\t\t\t\t<\/div>\n\t\t\t\t<\/div>\n\t\t\t\t<div class=\"elementor-element elementor-element-a3e4e73 elementor-widget elementor-widget-heading\" data-id=\"a3e4e73\" data-element_type=\"widget\" data-widget_type=\"heading.default\">\n\t\t\t\t<div class=\"elementor-widget-container\">\n\t\t\t\t\t<h2 class=\"elementor-heading-title elementor-size-default\">\u00c1rea<\/h2>\t\t\t\t<\/div>\n\t\t\t\t<\/div>\n\t\t\t\t<div class=\"elementor-element elementor-element-c71eff9 elementor-widget__width-initial elementor-widget elementor-widget-text-editor\" data-id=\"c71eff9\" data-element_type=\"widget\" data-widget_type=\"text-editor.default\">\n\t\t\t\t<div class=\"elementor-widget-container\">\n\t\t\t\t\t\t\t\t\t<p>Sala de Aula 26,03m<em><sup>2<\/sup><\/em><\/p>\t\t\t\t\t\t\t\t<\/div>\n\t\t\t\t<\/div>\n\t\t\t\t<div class=\"elementor-element elementor-element-ccb2d4c elementor-widget elementor-widget-heading\" data-id=\"ccb2d4c\" data-element_type=\"widget\" data-widget_type=\"heading.default\">\n\t\t\t\t<div class=\"elementor-widget-container\">\n\t\t\t\t\t<h2 class=\"elementor-heading-title elementor-size-default\">Espa\u00e7os Existentes<\/h2>\t\t\t\t<\/div>\n\t\t\t\t<\/div>\n\t\t\t\t<div class=\"elementor-element elementor-element-78ab6dc elementor-widget__width-initial elementor-widget elementor-widget-text-editor\" data-id=\"78ab6dc\" data-element_type=\"widget\" data-widget_type=\"text-editor.default\">\n\t\t\t\t<div class=\"elementor-widget-container\">\n\t\t\t\t\t\t\t\t\t<p>Sala de Aula<i>\u00a0<\/i><\/p>\t\t\t\t\t\t\t\t<\/div>\n\t\t\t\t<\/div>\n\t\t\t\t\t<\/div>\n\t\t<\/div>\n\t\t\t\t<div class=\"elementor-column elementor-col-50 elementor-inner-column elementor-element elementor-element-7b65aae\" data-id=\"7b65aae\" data-element_type=\"column\">\n\t\t\t<div class=\"elementor-widget-wrap elementor-element-populated\">\n\t\t\t\t\t\t<div class=\"elementor-element elementor-element-c2039f1 elementor-widget elementor-widget-image\" data-id=\"c2039f1\" data-element_type=\"widget\" data-widget_type=\"image.default\">\n\t\t\t\t<div class=\"elementor-widget-container\">\n\t\t\t\t\t\t\t\t\t\t\t\t\t\t\t<img decoding=\"async\" width=\"3603\" height=\"1148\" src=\"https:\/\/urboowconstruction.com\/wp-content\/uploads\/2025\/03\/80000_9.1_ESCOLA-40_PERSPETIVA-1.png\" class=\"attachment-full size-full wp-image-10542\" alt=\"\" srcset=\"https:\/\/urboowconstruction.com\/wp-content\/uploads\/2025\/03\/80000_9.1_ESCOLA-40_PERSPETIVA-1.png 3603w, https:\/\/urboowconstruction.com\/wp-content\/uploads\/2025\/03\/80000_9.1_ESCOLA-40_PERSPETIVA-1-300x96.png 300w, https:\/\/urboowconstruction.com\/wp-content\/uploads\/2025\/03\/80000_9.1_ESCOLA-40_PERSPETIVA-1-1024x326.png 1024w, https:\/\/urboowconstruction.com\/wp-content\/uploads\/2025\/03\/80000_9.1_ESCOLA-40_PERSPETIVA-1-768x245.png 768w, https:\/\/urboowconstruction.com\/wp-content\/uploads\/2025\/03\/80000_9.1_ESCOLA-40_PERSPETIVA-1-1536x489.png 1536w, https:\/\/urboowconstruction.com\/wp-content\/uploads\/2025\/03\/80000_9.1_ESCOLA-40_PERSPETIVA-1-2048x653.png 2048w, https:\/\/urboowconstruction.com\/wp-content\/uploads\/2025\/03\/80000_9.1_ESCOLA-40_PERSPETIVA-1-18x6.png 18w, https:\/\/urboowconstruction.com\/wp-content\/uploads\/2025\/03\/80000_9.1_ESCOLA-40_PERSPETIVA-1-24x8.png 24w, https:\/\/urboowconstruction.com\/wp-content\/uploads\/2025\/03\/80000_9.1_ESCOLA-40_PERSPETIVA-1-36x11.png 36w, https:\/\/urboowconstruction.com\/wp-content\/uploads\/2025\/03\/80000_9.1_ESCOLA-40_PERSPETIVA-1-48x15.png 48w\" sizes=\"(max-width: 3603px) 100vw, 3603px\" \/>\t\t\t\t\t\t\t\t\t\t\t\t\t\t\t<\/div>\n\t\t\t\t<\/div>\n\t\t\t\t\t<\/div>\n\t\t<\/div>\n\t\t\t\t\t<\/div>\n\t\t<\/section>\n\t\t\t\t<div class=\"elementor-element elementor-element-5c92a68 gallery-spacing-custom elementor-widget elementor-widget-image-gallery\" data-id=\"5c92a68\" data-element_type=\"widget\" data-widget_type=\"image-gallery.default\">\n\t\t\t\t<div class=\"elementor-widget-container\">\n\t\t\t\t\t\t\t<div class=\"elementor-image-gallery\">\n\t\t\t<div id='gallery-1' class='gallery galleryid-10536 gallery-columns-3 gallery-size-ImageSize500x500'><figure class='gallery-item'>\n\t\t\t<div class='gallery-icon landscape'>\n\t\t\t\t<a data-elementor-open-lightbox=\"yes\" data-elementor-lightbox-slideshow=\"5c92a68\" data-elementor-lightbox-title=\"Escola\" data-e-action-hash=\"#elementor-action%3Aaction%3Dlightbox%26settings%3DeyJpZCI6MTA1NDUsInVybCI6Imh0dHBzOlwvXC91cmJvb3djb25zdHJ1Y3Rpb24uY29tXC93cC1jb250ZW50XC91cGxvYWRzXC8yMDI1XC8wM1wvTUdfOTc4Mi1zY2FsZWQuanBnIiwic2xpZGVzaG93IjoiNWM5MmE2OCJ9\" href='https:\/\/urboowconstruction.com\/wp-content\/uploads\/2025\/03\/MG_9782-scaled.jpg'><img decoding=\"async\" width=\"500\" height=\"500\" src=\"https:\/\/urboowconstruction.com\/wp-content\/uploads\/2025\/03\/MG_9782-500x500.jpg\" class=\"attachment-Image Size 500x500 size-Image Size 500x500\" alt=\"Escola\" srcset=\"https:\/\/urboowconstruction.com\/wp-content\/uploads\/2025\/03\/MG_9782-500x500.jpg 500w, https:\/\/urboowconstruction.com\/wp-content\/uploads\/2025\/03\/MG_9782-150x150.jpg 150w\" sizes=\"(max-width: 500px) 100vw, 500px\" itemprop=\"image\" \/><\/a>\n\t\t\t<\/div><\/figure><figure class='gallery-item'>\n\t\t\t<div class='gallery-icon landscape'>\n\t\t\t\t<a data-elementor-open-lightbox=\"yes\" data-elementor-lightbox-slideshow=\"5c92a68\" data-elementor-lightbox-title=\"Escola\" data-e-action-hash=\"#elementor-action%3Aaction%3Dlightbox%26settings%3DeyJpZCI6MTA1NDQsInVybCI6Imh0dHBzOlwvXC91cmJvb3djb25zdHJ1Y3Rpb24uY29tXC93cC1jb250ZW50XC91cGxvYWRzXC8yMDI1XC8wM1wvRFNDMDY0OS1zY2FsZWQuanBnIiwic2xpZGVzaG93IjoiNWM5MmE2OCJ9\" href='https:\/\/urboowconstruction.com\/wp-content\/uploads\/2025\/03\/DSC0649-scaled.jpg'><img loading=\"lazy\" decoding=\"async\" width=\"500\" height=\"500\" src=\"https:\/\/urboowconstruction.com\/wp-content\/uploads\/2025\/03\/DSC0649-500x500.jpg\" class=\"attachment-Image Size 500x500 size-Image Size 500x500\" alt=\"Escola\" srcset=\"https:\/\/urboowconstruction.com\/wp-content\/uploads\/2025\/03\/DSC0649-500x500.jpg 500w, https:\/\/urboowconstruction.com\/wp-content\/uploads\/2025\/03\/DSC0649-150x150.jpg 150w\" sizes=\"(max-width: 500px) 100vw, 500px\" itemprop=\"image\" \/><\/a>\n\t\t\t<\/div><\/figure><figure class='gallery-item'>\n\t\t\t<div class='gallery-icon portrait'>\n\t\t\t\t<a data-elementor-open-lightbox=\"yes\" data-elementor-lightbox-slideshow=\"5c92a68\" data-elementor-lightbox-title=\"Escola\" data-e-action-hash=\"#elementor-action%3Aaction%3Dlightbox%26settings%3DeyJpZCI6MTA1NDMsInVybCI6Imh0dHBzOlwvXC91cmJvb3djb25zdHJ1Y3Rpb24uY29tXC93cC1jb250ZW50XC91cGxvYWRzXC8yMDI1XC8wM1wvRFNDMDc1Ny1zY2FsZWQuanBnIiwic2xpZGVzaG93IjoiNWM5MmE2OCJ9\" href='https:\/\/urboowconstruction.com\/wp-content\/uploads\/2025\/03\/DSC0757-scaled.jpg'><img loading=\"lazy\" decoding=\"async\" width=\"500\" height=\"500\" src=\"https:\/\/urboowconstruction.com\/wp-content\/uploads\/2025\/03\/DSC0757-500x500.jpg\" class=\"attachment-Image Size 500x500 size-Image Size 500x500\" alt=\"Escola\" srcset=\"https:\/\/urboowconstruction.com\/wp-content\/uploads\/2025\/03\/DSC0757-500x500.jpg 500w, https:\/\/urboowconstruction.com\/wp-content\/uploads\/2025\/03\/DSC0757-150x150.jpg 150w\" sizes=\"(max-width: 500px) 100vw, 500px\" itemprop=\"image\" \/><\/a>\n\t\t\t<\/div><\/figure>\n\t\t<\/div>\n\t\t<\/div>\n\t\t\t\t\t\t<\/div>\n\t\t\t\t<\/div>\n\t\t\t\t\t<\/div>\n\t\t<\/div>\n\t\t\t\t\t<\/div>\n\t\t<\/section>\n\t\t\t\t<\/div>","protected":false},"excerpt":{"rendered":"<p>Home Ensino &amp;Educa\u00e7\u00e3o. Tondela. Tipologia Contentor 40&#8242; \u00c1rea Sala de Aula 26,03m2 Espa\u00e7os Existentes Sala de Aula\u00a0<\/p>","protected":false},"author":1,"featured_media":0,"parent":9279,"menu_order":0,"comment_status":"closed","ping_status":"closed","template":"full-width.php","meta":{"_acf_changed":false,"_monsterinsights_skip_tracking":false,"_monsterinsights_sitenote_active":false,"_monsterinsights_sitenote_note":"","_monsterinsights_sitenote_category":0,"footnotes":""},"class_list":["post-10536","page","type-page","status-publish","hentry"],"acf":[],"jetpack_sharing_enabled":true,"amp_enabled":false,"_links":{"self":[{"href":"https:\/\/urboowconstruction.com\/en\/wp-json\/wp\/v2\/pages\/10536","targetHints":{"allow":["GET"]}}],"collection":[{"href":"https:\/\/urboowconstruction.com\/en\/wp-json\/wp\/v2\/pages"}],"about":[{"href":"https:\/\/urboowconstruction.com\/en\/wp-json\/wp\/v2\/types\/page"}],"author":[{"embeddable":true,"href":"https:\/\/urboowconstruction.com\/en\/wp-json\/wp\/v2\/users\/1"}],"replies":[{"embeddable":true,"href":"https:\/\/urboowconstruction.com\/en\/wp-json\/wp\/v2\/comments?post=10536"}],"version-history":[{"count":4,"href":"https:\/\/urboowconstruction.com\/en\/wp-json\/wp\/v2\/pages\/10536\/revisions"}],"predecessor-version":[{"id":12060,"href":"https:\/\/urboowconstruction.com\/en\/wp-json\/wp\/v2\/pages\/10536\/revisions\/12060"}],"up":[{"embeddable":true,"href":"https:\/\/urboowconstruction.com\/en\/wp-json\/wp\/v2\/pages\/9279"}],"wp:attachment":[{"href":"https:\/\/urboowconstruction.com\/en\/wp-json\/wp\/v2\/media?parent=10536"}],"curies":[{"name":"wp","href":"https:\/\/api.w.org\/{rel}","templated":true}]}}